{"id":3400,"date":"2021-11-01T22:51:02","date_gmt":"2021-11-01T22:51:02","guid":{"rendered":"https:\/\/www.ciclaconsulting.com\/consultories-de-serveis-publics\/"},"modified":"2021-11-09T17:12:57","modified_gmt":"2021-11-09T17:12:57","slug":"consultories-de-serveis-publics","status":"publish","type":"page","link":"https:\/\/www.ciclaconsulting.com\/ca\/consultories-de-serveis-publics\/","title":{"rendered":"Consultories de serveis p\u00fablics"},"content":{"rendered":"<p>[et_pb_section fb_built=&#8221;1&#8243; _builder_version=&#8221;4.10.6&#8243; _module_preset=&#8221;default&#8221; background_image=&#8221;https:\/\/www.ciclaconsulting.com\/wp-content\/uploads\/2021\/09\/ciclaconsulting-banner-25.jpg&#8221; custom_margin=&#8221;||||false|false&#8221; custom_padding=&#8221;8%||8%||false|false&#8221; global_colors_info=&#8221;{}&#8221;][et_pb_row column_structure=&#8221;1_2,1_2&#8243; use_custom_gutter=&#8221;on&#8221; gutter_width=&#8221;1&#8243; make_equal=&#8221;on&#8221; _builder_version=&#8221;4.9.10&#8243; _module_preset=&#8221;default&#8221; custom_padding=&#8221;||||false|false&#8221; global_colors_info=&#8221;{}&#8221;][et_pb_column type=&#8221;1_2&#8243; _builder_version=&#8221;4.9.10&#8243; _module_preset=&#8221;default&#8221; background_color=&#8221;rgba(0,0,0,0.54)&#8221; custom_padding=&#8221;3%|3%|3%|3%|false|false&#8221; animation_style=&#8221;fade&#8221; global_colors_info=&#8221;{}&#8221;][et_pb_text _builder_version=&#8221;4.13.0&#8243; _module_preset=&#8221;default&#8221; header_text_color=&#8221;#FFFFFF&#8221; header_2_font=&#8221;||||||||&#8221; header_2_text_color=&#8221;#FFFFFF&#8221; header_2_font_size=&#8221;40px&#8221; header_2_line_height=&#8221;1.1em&#8221; header_3_text_color=&#8221;#FFFFFF&#8221; custom_margin=&#8221;||||false|false&#8221; custom_padding=&#8221;|||30px|false|false&#8221; header_2_font_size_tablet=&#8221;&#8221; header_2_font_size_phone=&#8221;32px&#8221; header_2_font_size_last_edited=&#8221;on|phone&#8221; border_color_bottom=&#8221;#FFFFFF&#8221; border_width_left=&#8221;2px&#8221; border_color_left=&#8221;#FFFFFF&#8221; global_colors_info=&#8221;{}&#8221;]<\/p>\n<h2>Consultories de serveis p\u00fablics<\/h2>\n<h3>de recollida i neteja vi\u00e0ria.<\/h3>\n<p>[\/et_pb_text][\/et_pb_column][et_pb_column type=&#8221;1_2&#8243; _builder_version=&#8221;4.9.10&#8243; _module_preset=&#8221;default&#8221; global_colors_info=&#8221;{}&#8221;][\/et_pb_column][\/et_pb_row][\/et_pb_section][et_pb_section fb_built=&#8221;1&#8243; _builder_version=&#8221;4.9.10&#8243; _module_preset=&#8221;default&#8221; custom_margin=&#8221;10px||10px||false|false&#8221; custom_padding=&#8221;0px||0px||false|false&#8221; global_colors_info=&#8221;{}&#8221;][et_pb_row column_structure=&#8221;1_2,1_2&#8243; use_custom_gutter=&#8221;on&#8221; gutter_width=&#8221;1&#8243; make_equal=&#8221;on&#8221; _builder_version=&#8221;4.12.1&#8243; _module_preset=&#8221;default&#8221; width=&#8221;100%&#8221; max_width=&#8221;100%&#8221; custom_margin=&#8221;||||false|false&#8221; custom_padding=&#8221;0px||0px||false|false&#8221; global_colors_info=&#8221;{}&#8221;][et_pb_column type=&#8221;1_2&#8243; _builder_version=&#8221;4.10.5&#8243; _module_preset=&#8221;default&#8221; background_color=&#8221;#42edd4&#8243; background_image=&#8221;https:\/\/www.ciclaconsulting.com\/wp-content\/uploads\/2021\/09\/ciclaconsulting-recogida.jpg&#8221; background_blend=&#8221;multiply&#8221; custom_padding=&#8221;||||false|false&#8221; custom_padding_tablet=&#8221;15%||15%||false|false&#8221; custom_padding_phone=&#8221;20%||20%||false|false&#8221; custom_padding_last_edited=&#8221;on|desktop&#8221; global_colors_info=&#8221;{}&#8221;][et_pb_text _builder_version=&#8221;4.9.10&#8243; _module_preset=&#8221;default&#8221; global_colors_info=&#8221;{}&#8221;][\/et_pb_text][\/et_pb_column][et_pb_column type=&#8221;1_2&#8243; _builder_version=&#8221;4.12.1&#8243; _module_preset=&#8221;default&#8221; custom_padding=&#8221;3%|10%|3%|3%|false|false&#8221; custom_padding_tablet=&#8221;5%|5%|5%|5%|false|false&#8221; custom_padding_phone=&#8221;8%|8%|8%|8%|false|false&#8221; custom_padding_last_edited=&#8221;on|phone&#8221; global_colors_info=&#8221;{}&#8221;][et_pb_text _builder_version=&#8221;4.13.0&#8243; _module_preset=&#8221;default&#8221; custom_margin=&#8221;||40px||false|false&#8221; custom_padding=&#8221;||10px||false|false&#8221; border_width_bottom=&#8221;1px&#8221; global_colors_info=&#8221;{}&#8221;]<\/p>\n<h2>Consultories i auditories<\/h2>\n<p>[\/et_pb_text][et_pb_text _builder_version=&#8221;4.13.0&#8243; _module_preset=&#8221;default&#8221; header_2_font=&#8221;|300|||||||&#8221; header_2_font_size=&#8221;30px&#8221; header_2_line_height=&#8221;1.3em&#8221; hover_enabled=&#8221;0&#8243; global_colors_info=&#8221;{}&#8221; sticky_enabled=&#8221;0&#8243;]<\/p>\n<p><span>Des CICLA Consulting tamb\u00e9 s&#8217;ofereix la possibilitat de realitzar consultories i\/o auditories de serveis p\u00fablics per a la millora i optimitzaci\u00f3 del servei p\u00fablic de recollida, neteja vi\u00e0ria i jardineria.<\/span><\/p>\n<p><span>El nostre equip de treball, mitjan\u00e7ant el coneixement de el sector que posseeix, pot realitzar una auditoria tecnicoecon\u00f2mica de el servei actual per tal d&#8217;optimitzar el servei actual i \/ o millorar i implantar noves tecnologies de recollida, neteja vi\u00e0ria i jardineria.<\/span><\/p>\n<p>[\/et_pb_text][\/et_pb_column][\/et_pb_row][\/et_pb_section][et_pb_section fb_built=&#8221;1&#8243; _builder_version=&#8221;4.9.10&#8243; _module_preset=&#8221;default&#8221; custom_margin=&#8221;10px||10px||false|false&#8221; custom_padding=&#8221;0px||0px||false|false&#8221; global_module=&#8221;3629&#8243; saved_tabs=&#8221;all&#8221; global_colors_info=&#8221;{}&#8221;][et_pb_row column_structure=&#8221;2_5,3_5&#8243; use_custom_gutter=&#8221;on&#8221; gutter_width=&#8221;1&#8243; make_equal=&#8221;on&#8221; _builder_version=&#8221;4.9.10&#8243; _module_preset=&#8221;default&#8221; background_color=&#8221;#1da691&#8243; width=&#8221;100%&#8221; max_width=&#8221;100%&#8221; custom_padding=&#8221;0px||0px||false|false&#8221; global_colors_info=&#8221;{}&#8221;][et_pb_column type=&#8221;2_5&#8243; _builder_version=&#8221;4.9.10&#8243; _module_preset=&#8221;default&#8221; background_color=&#8221;rgba(2,125,109,0.36)&#8221; background_image=&#8221;https:\/\/www.ciclaconsulting.com\/wp-content\/uploads\/2021\/08\/ciclaconsulting-seccio-contacte.jpg&#8221; background_blend=&#8221;multiply&#8221; custom_padding=&#8221;3%|3%|3%|10%|false|false&#8221; custom_padding_tablet=&#8221;15%||15%||false|false&#8221; custom_padding_phone=&#8221;20%||20%||false|false&#8221; custom_padding_last_edited=&#8221;on|desktop&#8221; global_colors_info=&#8221;{}&#8221;][et_pb_text _builder_version=&#8221;4.9.10&#8243; _module_preset=&#8221;default&#8221; global_colors_info=&#8221;{}&#8221;][\/et_pb_text][et_pb_text _builder_version=&#8221;4.12.1&#8243; _module_preset=&#8221;default&#8221; text_text_color=&#8221;#FFFFFF&#8221; header_2_font=&#8221;||||||||&#8221; header_2_text_color=&#8221;#FFFFFF&#8221; header_2_font_size=&#8221;35px&#8221; header_2_line_height=&#8221;1.3em&#8221; global_colors_info=&#8221;{}&#8221;]<\/p>\n<h2>Contacta amb nosaltres<\/h2>\n<p>Posa&#8217;t en contacte amb nosaltres i t&#8217;assessorarem sobre tot all\u00f2 que vulguis saber.<\/p>\n<p>[\/et_pb_text][\/et_pb_column][et_pb_column type=&#8221;3_5&#8243; _builder_version=&#8221;4.9.10&#8243; _module_preset=&#8221;default&#8221; custom_padding=&#8221;3%|15%|3%|5%|false|false&#8221; custom_padding_tablet=&#8221;5%|5%|5%|5%|false|false&#8221; custom_padding_phone=&#8221;8%|8%|8%|8%|false|false&#8221; custom_padding_last_edited=&#8221;on|phone&#8221; global_colors_info=&#8221;{}&#8221;][et_pb_contact_form email=&#8221;eduard@ciclaconsulting.com&#8221; custom_message=&#8221;%%Nombre%%||et_pb_line_break_holder||%%Email%%||et_pb_line_break_holder||%%Mensaje%%||et_pb_line_break_holder||%%Privacidad%%||et_pb_line_break_holder||&#8221; success_message=&#8221;El teu missatge ha estat enviat.&#8221; submit_button_text=&#8221;Enviar&#8221; _builder_version=&#8221;4.10.5&#8243; _module_preset=&#8221;default&#8221; form_field_background_color=&#8221;#eaeaea&#8221; form_field_text_color=&#8221;#666666&#8243; form_field_focus_background_color=&#8221;#ffffff&#8221; form_field_focus_text_color=&#8221;#282828&#8243; custom_button=&#8221;on&#8221; button_text_color=&#8221;#FFFFFF&#8221; button_border_color=&#8221;#FFFFFF&#8221; button_use_icon=&#8221;off&#8221; button_bg_color_last_edited=&#8221;off|desktop&#8221; custom_css_captcha_field=&#8221;margin-left:10px;&#8221; custom_css_captcha_label=&#8221;color:white;&#8221; global_colors_info=&#8221;{}&#8221; button_text_color__hover_enabled=&#8221;on|hover&#8221; button_text_color__hover=&#8221;#FFFFFF&#8221; button_bg_color__hover_enabled=&#8221;on|hover&#8221; button_bg_color__hover=&#8221;rgba(255,255,255,0.19)&#8221; button_bg_enable_color__hover=&#8221;on&#8221; button_border_color__hover_enabled=&#8221;on|hover&#8221; button_border_color__hover=&#8221;#FFFFFF&#8221; button_border_width__hover_enabled=&#8221;on|hover&#8221; button_border_width__hover=&#8221;1px&#8221;][et_pb_contact_field field_id=&#8221;Nombre&#8221; field_title=&#8221;Nom&#8221; _builder_version=&#8221;4.9.11&#8243; form_field_focus_background_color=&#8221;#ffffff&#8221; global_colors_info=&#8221;{}&#8221; button_text_size__hover_enabled=&#8221;off&#8221; button_one_text_size__hover_enabled=&#8221;off&#8221; button_two_text_size__hover_enabled=&#8221;off&#8221; button_text_color__hover_enabled=&#8221;off&#8221; button_one_text_color__hover_enabled=&#8221;off&#8221; button_two_text_color__hover_enabled=&#8221;off&#8221; button_border_width__hover_enabled=&#8221;off&#8221; button_one_border_width__hover_enabled=&#8221;off&#8221; button_two_border_width__hover_enabled=&#8221;off&#8221; button_border_color__hover_enabled=&#8221;off&#8221; button_one_border_color__hover_enabled=&#8221;off&#8221; button_two_border_color__hover_enabled=&#8221;off&#8221; button_border_radius__hover_enabled=&#8221;off&#8221; button_one_border_radius__hover_enabled=&#8221;off&#8221; button_two_border_radius__hover_enabled=&#8221;off&#8221; button_letter_spacing__hover_enabled=&#8221;off&#8221; button_one_letter_spacing__hover_enabled=&#8221;off&#8221; button_two_letter_spacing__hover_enabled=&#8221;off&#8221; button_bg_color__hover_enabled=&#8221;off&#8221; button_one_bg_color__hover_enabled=&#8221;off&#8221; button_two_bg_color__hover_enabled=&#8221;off&#8221;][\/et_pb_contact_field][et_pb_contact_field field_id=&#8221;Email&#8221; field_title=&#8221;Email&#8221; field_type=&#8221;email&#8221; _builder_version=&#8221;4.9.11&#8243; form_field_focus_background_color=&#8221;#ffffff&#8221; global_colors_info=&#8221;{}&#8221; button_text_size__hover_enabled=&#8221;off&#8221; button_one_text_size__hover_enabled=&#8221;off&#8221; button_two_text_size__hover_enabled=&#8221;off&#8221; button_text_color__hover_enabled=&#8221;off&#8221; button_one_text_color__hover_enabled=&#8221;off&#8221; button_two_text_color__hover_enabled=&#8221;off&#8221; button_border_width__hover_enabled=&#8221;off&#8221; button_one_border_width__hover_enabled=&#8221;off&#8221; button_two_border_width__hover_enabled=&#8221;off&#8221; button_border_color__hover_enabled=&#8221;off&#8221; button_one_border_color__hover_enabled=&#8221;off&#8221; button_two_border_color__hover_enabled=&#8221;off&#8221; button_border_radius__hover_enabled=&#8221;off&#8221; button_one_border_radius__hover_enabled=&#8221;off&#8221; button_two_border_radius__hover_enabled=&#8221;off&#8221; button_letter_spacing__hover_enabled=&#8221;off&#8221; button_one_letter_spacing__hover_enabled=&#8221;off&#8221; button_two_letter_spacing__hover_enabled=&#8221;off&#8221; button_bg_color__hover_enabled=&#8221;off&#8221; button_one_bg_color__hover_enabled=&#8221;off&#8221; button_two_bg_color__hover_enabled=&#8221;off&#8221;][\/et_pb_contact_field][et_pb_contact_field field_id=&#8221;Mensaje&#8221; field_title=&#8221;Missatge&#8221; field_type=&#8221;text&#8221; fullwidth_field=&#8221;on&#8221; _builder_version=&#8221;4.10.5&#8243; custom_margin=&#8221;||-10px||false|false&#8221; global_colors_info=&#8221;{}&#8221; button_text_size__hover_enabled=&#8221;off&#8221; button_one_text_size__hover_enabled=&#8221;off&#8221; button_two_text_size__hover_enabled=&#8221;off&#8221; button_text_color__hover_enabled=&#8221;off&#8221; button_one_text_color__hover_enabled=&#8221;off&#8221; button_two_text_color__hover_enabled=&#8221;off&#8221; button_border_width__hover_enabled=&#8221;off&#8221; button_one_border_width__hover_enabled=&#8221;off&#8221; button_two_border_width__hover_enabled=&#8221;off&#8221; button_border_color__hover_enabled=&#8221;off&#8221; button_one_border_color__hover_enabled=&#8221;off&#8221; button_two_border_color__hover_enabled=&#8221;off&#8221; button_border_radius__hover_enabled=&#8221;off&#8221; button_one_border_radius__hover_enabled=&#8221;off&#8221; button_two_border_radius__hover_enabled=&#8221;off&#8221; button_letter_spacing__hover_enabled=&#8221;off&#8221; button_one_letter_spacing__hover_enabled=&#8221;off&#8221; button_two_letter_spacing__hover_enabled=&#8221;off&#8221; button_bg_color__hover_enabled=&#8221;off&#8221; button_one_bg_color__hover_enabled=&#8221;off&#8221; button_two_bg_color__hover_enabled=&#8221;off&#8221;][\/et_pb_contact_field][et_pb_contact_field field_id=&#8221;Privacidad&#8221; field_type=&#8221;checkbox&#8221; checkbox_options=&#8221;%91{%22value%22:%22He llegit i accepto la pol\u00edtica de privadesa%22,%22checked%22:0,%22dragID%22:-1}%93&#8243; fullwidth_field=&#8221;on&#8221; _builder_version=&#8221;4.10.5&#8243; _module_preset=&#8221;default&#8221; form_field_text_color=&#8221;#FFFFFF&#8221; form_field_focus_text_color=&#8221;#FFFFFF&#8221; global_colors_info=&#8221;{}&#8221;][\/et_pb_contact_field][\/et_pb_contact_form][\/et_pb_column][\/et_pb_row][\/et_pb_section]<\/p>\n","protected":false},"excerpt":{"rendered":"<p>Consultories de serveis p\u00fablics de recollida i neteja vi\u00e0ria.Consultories i auditoriesDes CICLA Consulting tamb\u00e9 s&#8217;ofereix la possibilitat de realitzar consultories i\/o auditories de serveis p\u00fablics per a la millora i optimitzaci\u00f3 del servei p\u00fablic de recollida, neteja vi\u00e0ria i jardineria. El nostre equip de treball, mitjan\u00e7ant el coneixement de el sector que posseeix, pot realitzar [&hellip;]<\/p>\n","protected":false},"author":1,"featured_media":0,"parent":0,"menu_order":0,"comment_status":"open","ping_status":"open","template":"","meta":{"_et_pb_use_builder":"on","_et_pb_old_content":"","_et_gb_content_width":"","footnotes":""},"class_list":["post-3400","page","type-page","status-publish","hentry"],"yoast_head":"<!-- This site is optimized with the Yoast SEO plugin v20.4 - https:\/\/yoast.com\/wordpress\/plugins\/seo\/ -->\n<title>Consultories de serveis p\u00fablics - Cicla<\/title>\n<meta name=\"robots\" content=\"index, follow, max-snippet:-1, max-image-preview:large, max-video-preview:-1\" \/>\n<link rel=\"canonical\" href=\"https:\/\/www.ciclaconsulting.com\/ca\/consultories-de-serveis-publics\/\" \/>\n<meta property=\"og:locale\" content=\"ca_ES\" \/>\n<meta property=\"og:type\" content=\"article\" \/>\n<meta property=\"og:title\" content=\"Consultories de serveis p\u00fablics - Cicla\" \/>\n<meta property=\"og:description\" content=\"Consultories de serveis p\u00fablics de recollida i neteja vi\u00e0ria.Consultories i auditoriesDes CICLA Consulting tamb\u00e9 s&#039;ofereix la possibilitat de realitzar consultories i\/o auditories de serveis p\u00fablics per a la millora i optimitzaci\u00f3 del servei p\u00fablic de recollida, neteja vi\u00e0ria i jardineria. El nostre equip de treball, mitjan\u00e7ant el coneixement de el sector que posseeix, pot realitzar [&hellip;]\" \/>\n<meta property=\"og:url\" content=\"https:\/\/www.ciclaconsulting.com\/ca\/consultories-de-serveis-publics\/\" \/>\n<meta property=\"og:site_name\" content=\"Cicla\" \/>\n<meta property=\"article:modified_time\" content=\"2021-11-09T17:12:57+00:00\" \/>\n<meta name=\"twitter:label1\" content=\"Temps estimat de lectura\" \/>\n\t<meta name=\"twitter:data1\" content=\"7 minuts\" \/>\n<script type=\"application\/ld+json\" class=\"yoast-schema-graph\">{\"@context\":\"https:\/\/schema.org\",\"@graph\":[{\"@type\":\"WebPage\",\"@id\":\"https:\/\/www.ciclaconsulting.com\/ca\/consultories-de-serveis-publics\/\",\"url\":\"https:\/\/www.ciclaconsulting.com\/ca\/consultories-de-serveis-publics\/\",\"name\":\"Consultories de serveis p\u00fablics - Cicla\",\"isPartOf\":{\"@id\":\"https:\/\/www.ciclaconsulting.com\/#website\"},\"datePublished\":\"2021-11-01T22:51:02+00:00\",\"dateModified\":\"2021-11-09T17:12:57+00:00\",\"breadcrumb\":{\"@id\":\"https:\/\/www.ciclaconsulting.com\/ca\/consultories-de-serveis-publics\/#breadcrumb\"},\"inLanguage\":\"ca\",\"potentialAction\":[{\"@type\":\"ReadAction\",\"target\":[\"https:\/\/www.ciclaconsulting.com\/ca\/consultories-de-serveis-publics\/\"]}]},{\"@type\":\"BreadcrumbList\",\"@id\":\"https:\/\/www.ciclaconsulting.com\/ca\/consultories-de-serveis-publics\/#breadcrumb\",\"itemListElement\":[{\"@type\":\"ListItem\",\"position\":1,\"name\":\"Inici\",\"item\":\"https:\/\/www.ciclaconsulting.com\/ca\/\"},{\"@type\":\"ListItem\",\"position\":2,\"name\":\"Consultories de serveis p\u00fablics\"}]},{\"@type\":\"WebSite\",\"@id\":\"https:\/\/www.ciclaconsulting.com\/#website\",\"url\":\"https:\/\/www.ciclaconsulting.com\/\",\"name\":\"Cicla\",\"description\":\"Consulting services\",\"potentialAction\":[{\"@type\":\"SearchAction\",\"target\":{\"@type\":\"EntryPoint\",\"urlTemplate\":\"https:\/\/www.ciclaconsulting.com\/?s={search_term_string}\"},\"query-input\":\"required name=search_term_string\"}],\"inLanguage\":\"ca\"}]}<\/script>\n<!-- \/ Yoast SEO plugin. -->","yoast_head_json":{"title":"Consultories de serveis p\u00fablics - Cicla","robots":{"index":"index","follow":"follow","max-snippet":"max-snippet:-1","max-image-preview":"max-image-preview:large","max-video-preview":"max-video-preview:-1"},"canonical":"https:\/\/www.ciclaconsulting.com\/ca\/consultories-de-serveis-publics\/","og_locale":"ca_ES","og_type":"article","og_title":"Consultories de serveis p\u00fablics - Cicla","og_description":"Consultories de serveis p\u00fablics de recollida i neteja vi\u00e0ria.Consultories i auditoriesDes CICLA Consulting tamb\u00e9 s'ofereix la possibilitat de realitzar consultories i\/o auditories de serveis p\u00fablics per a la millora i optimitzaci\u00f3 del servei p\u00fablic de recollida, neteja vi\u00e0ria i jardineria. El nostre equip de treball, mitjan\u00e7ant el coneixement de el sector que posseeix, pot realitzar [&hellip;]","og_url":"https:\/\/www.ciclaconsulting.com\/ca\/consultories-de-serveis-publics\/","og_site_name":"Cicla","article_modified_time":"2021-11-09T17:12:57+00:00","twitter_misc":{"Temps estimat de lectura":"7 minuts"},"schema":{"@context":"https:\/\/schema.org","@graph":[{"@type":"WebPage","@id":"https:\/\/www.ciclaconsulting.com\/ca\/consultories-de-serveis-publics\/","url":"https:\/\/www.ciclaconsulting.com\/ca\/consultories-de-serveis-publics\/","name":"Consultories de serveis p\u00fablics - Cicla","isPartOf":{"@id":"https:\/\/www.ciclaconsulting.com\/#website"},"datePublished":"2021-11-01T22:51:02+00:00","dateModified":"2021-11-09T17:12:57+00:00","breadcrumb":{"@id":"https:\/\/www.ciclaconsulting.com\/ca\/consultories-de-serveis-publics\/#breadcrumb"},"inLanguage":"ca","potentialAction":[{"@type":"ReadAction","target":["https:\/\/www.ciclaconsulting.com\/ca\/consultories-de-serveis-publics\/"]}]},{"@type":"BreadcrumbList","@id":"https:\/\/www.ciclaconsulting.com\/ca\/consultories-de-serveis-publics\/#breadcrumb","itemListElement":[{"@type":"ListItem","position":1,"name":"Inici","item":"https:\/\/www.ciclaconsulting.com\/ca\/"},{"@type":"ListItem","position":2,"name":"Consultories de serveis p\u00fablics"}]},{"@type":"WebSite","@id":"https:\/\/www.ciclaconsulting.com\/#website","url":"https:\/\/www.ciclaconsulting.com\/","name":"Cicla","description":"Consulting services","potentialAction":[{"@type":"SearchAction","target":{"@type":"EntryPoint","urlTemplate":"https:\/\/www.ciclaconsulting.com\/?s={search_term_string}"},"query-input":"required name=search_term_string"}],"inLanguage":"ca"}]}},"_links":{"self":[{"href":"https:\/\/www.ciclaconsulting.com\/ca\/wp-json\/wp\/v2\/pages\/3400","targetHints":{"allow":["GET"]}}],"collection":[{"href":"https:\/\/www.ciclaconsulting.com\/ca\/wp-json\/wp\/v2\/pages"}],"about":[{"href":"https:\/\/www.ciclaconsulting.com\/ca\/wp-json\/wp\/v2\/types\/page"}],"author":[{"embeddable":true,"href":"https:\/\/www.ciclaconsulting.com\/ca\/wp-json\/wp\/v2\/users\/1"}],"replies":[{"embeddable":true,"href":"https:\/\/www.ciclaconsulting.com\/ca\/wp-json\/wp\/v2\/comments?post=3400"}],"version-history":[{"count":10,"href":"https:\/\/www.ciclaconsulting.com\/ca\/wp-json\/wp\/v2\/pages\/3400\/revisions"}],"predecessor-version":[{"id":3665,"href":"https:\/\/www.ciclaconsulting.com\/ca\/wp-json\/wp\/v2\/pages\/3400\/revisions\/3665"}],"wp:attachment":[{"href":"https:\/\/www.ciclaconsulting.com\/ca\/wp-json\/wp\/v2\/media?parent=3400"}],"curies":[{"name":"wp","href":"https:\/\/api.w.org\/{rel}","templated":true}]}}