{"id":3406,"date":"2021-11-01T23:00:55","date_gmt":"2021-11-01T23:00:55","guid":{"rendered":"https:\/\/www.ciclaconsulting.com\/control-de-qualitat-dels-serveis\/"},"modified":"2021-11-09T17:13:59","modified_gmt":"2021-11-09T17:13:59","slug":"control-de-qualitat-dels-serveis","status":"publish","type":"page","link":"https:\/\/www.ciclaconsulting.com\/ca\/control-de-qualitat-dels-serveis\/","title":{"rendered":"Control de qualitat dels serveis"},"content":{"rendered":"<p>[et_pb_section fb_built=&#8221;1&#8243; _builder_version=&#8221;4.10.7&#8243; _module_preset=&#8221;default&#8221; background_color=&#8221;#42edd4&#8243; background_image=&#8221;https:\/\/www.ciclaconsulting.com\/wp-content\/uploads\/2021\/09\/ciclaconsulting-banner-27-1.jpg&#8221; background_blend=&#8221;multiply&#8221; custom_margin=&#8221;||||false|false&#8221; custom_padding=&#8221;8%||8%||false|false&#8221; global_colors_info=&#8221;{}&#8221;][et_pb_row column_structure=&#8221;1_2,1_2&#8243; use_custom_gutter=&#8221;on&#8221; gutter_width=&#8221;1&#8243; make_equal=&#8221;on&#8221; _builder_version=&#8221;4.9.10&#8243; _module_preset=&#8221;default&#8221; custom_padding=&#8221;||||false|false&#8221; global_colors_info=&#8221;{}&#8221;][et_pb_column type=&#8221;1_2&#8243; _builder_version=&#8221;4.9.10&#8243; _module_preset=&#8221;default&#8221; background_color=&#8221;rgba(0,0,0,0.54)&#8221; custom_padding=&#8221;3%|3%|3%|3%|false|false&#8221; animation_style=&#8221;fade&#8221; global_colors_info=&#8221;{}&#8221;][et_pb_text _builder_version=&#8221;4.11.3&#8243; _module_preset=&#8221;default&#8221; header_text_color=&#8221;#FFFFFF&#8221; header_2_font=&#8221;||||||||&#8221; header_2_text_color=&#8221;#FFFFFF&#8221; header_2_font_size=&#8221;40px&#8221; header_2_line_height=&#8221;1.1em&#8221; header_3_text_color=&#8221;#FFFFFF&#8221; custom_margin=&#8221;||||false|false&#8221; custom_padding=&#8221;|||30px|false|false&#8221; header_2_font_size_tablet=&#8221;&#8221; header_2_font_size_phone=&#8221;32px&#8221; header_2_font_size_last_edited=&#8221;on|phone&#8221; border_color_bottom=&#8221;#FFFFFF&#8221; border_width_left=&#8221;2px&#8221; border_color_left=&#8221;#FFFFFF&#8221; global_colors_info=&#8221;{}&#8221;]<\/p>\n<h2>Control de qualitat<\/h2>\n<h3>de serveis.<\/h3>\n<p>[\/et_pb_text][\/et_pb_column][et_pb_column type=&#8221;1_2&#8243; _builder_version=&#8221;4.9.10&#8243; _module_preset=&#8221;default&#8221; global_colors_info=&#8221;{}&#8221;][\/et_pb_column][\/et_pb_row][\/et_pb_section][et_pb_section fb_built=&#8221;1&#8243; _builder_version=&#8221;3.22&#8243; background_color=&#8221;#f7f7f7&#8243; transparent_background=&#8221;off&#8221; global_colors_info=&#8221;{}&#8221;][et_pb_row _builder_version=&#8221;4.9.11&#8243; _module_preset=&#8221;default&#8221; custom_padding=&#8221;||0px||false|false&#8221; global_colors_info=&#8221;{}&#8221;][et_pb_column type=&#8221;4_4&#8243; _builder_version=&#8221;4.9.11&#8243; _module_preset=&#8221;default&#8221; global_colors_info=&#8221;{}&#8221;][et_pb_text _builder_version=&#8221;4.10.7&#8243; _module_preset=&#8221;default&#8221; custom_padding=&#8221;||10px||false|false&#8221; border_width_bottom=&#8221;1px&#8221; global_colors_info=&#8221;{}&#8221;]<\/p>\n<h2>Control de qualitat de serveis<\/h2>\n<p>[\/et_pb_text][\/et_pb_column][\/et_pb_row][et_pb_row column_structure=&#8221;1_2,1_2&#8243; _builder_version=&#8221;3.25&#8243; background_size=&#8221;initial&#8221; background_position=&#8221;top_left&#8221; background_repeat=&#8221;repeat&#8221; global_colors_info=&#8221;{}&#8221;][et_pb_column type=&#8221;1_2&#8243; _builder_version=&#8221;3.25&#8243; custom_padding=&#8221;|||&#8221; global_colors_info=&#8221;{}&#8221; custom_padding__hover=&#8221;|||&#8221;][et_pb_text _builder_version=&#8221;4.10.7&#8243; background_size=&#8221;initial&#8221; background_position=&#8221;top_left&#8221; background_repeat=&#8221;repeat&#8221; global_colors_info=&#8221;{}&#8221;]Des de CICLA Consulting realitzem a trav\u00e9s d&#8217;un programari propi de recollida de dades i an\u00e0lisi un control de la qualitat dels serveis p\u00fablics de recollida de residus, neteja vi\u00e0ria i jardineria.<\/p>\n<p>Alguns dels municipis en qu\u00e8 hem treballat s\u00f3n Castelldefels i Sant Adri\u00e0 de Bes\u00f2s, que tenen ja una mida de poblaci\u00f3 important i que han adquirit el nostre programari de control de qualitat i ens han contractat la prestaci\u00f3 del control de qualitat sobre el terreny.<\/p>\n<p>El control del servei es donar\u00e0 suport amb l&#8217;aplicatiu inform\u00e0tic MIRA\u00ae, de l&#8217;empresa Query Software Consulting, l&#8217;\u00fanic del mercat que est\u00e0 dissenyat per efectuar expl\u00edcitament controls de qualitat de les contractes i, de manera espec\u00edfica es treballar\u00e0 amb el seu m\u00f2dul de gesti\u00f3 de serveis de neteja vi\u00e0ria i els de recollida de residus.[\/et_pb_text][\/et_pb_column][et_pb_column type=&#8221;1_2&#8243; _builder_version=&#8221;3.25&#8243; custom_padding=&#8221;|||&#8221; global_colors_info=&#8221;{}&#8221; custom_padding__hover=&#8221;|||&#8221;][et_pb_text _builder_version=&#8221;4.13.0&#8243; background_size=&#8221;initial&#8221; background_position=&#8221;top_left&#8221; background_repeat=&#8221;repeat&#8221; hover_enabled=&#8221;0&#8243; global_colors_info=&#8221;{}&#8221; sticky_enabled=&#8221;0&#8243;]<\/p>\n<p>El programari permet, que un cop programat\/introdu\u00efts els serveis que s&#8217;efectuen en la poblaci\u00f3, es programaran mitjan\u00e7ant un calendari setmanal\/mensual els controls a efectuar. Cada servei que hagi de controlar disposa d&#8217;una s\u00e8rie d&#8217;indicadors de qualitat. La funci\u00f3 del controlador ser\u00e0 la verificaci\u00f3 d&#8217;aquests indicadors. El sistema emmagatzema la informaci\u00f3, l&#8217;avalua segons el grau de compliment i reporta l&#8217;informe de tots els indicadors que s&#8217;hagin controlat en el mes corresponent, classificats per serveis i contractes.<\/p>\n<p>El sistema ens permetr\u00e0 detectar, per a cada servei, controlat qu\u00e8 \u00e9s el que ha fallat i classificat segons falta comesa en &#8220;correcte&#8221;, &#8220;lleu&#8221;, &#8220;greu&#8221; o &#8220;molt greu&#8221;. A final de mes el sistema permetr\u00e0, a partir d&#8217;un \u00edndex de refer\u00e8ncia de qualitat (IQ) en la qual es determina cada mes la seva evoluci\u00f3 partint de el nombre de faltes comeses i la seva qualificaci\u00f3.<\/p>\n<p>S&#8217;aportar\u00e0 l&#8217;informe i les fitxes corresponents de tots els indicadors que hagin mostrat alguna disconformitat i permetr\u00e0 analitzar la situaci\u00f3 segons sigui la contracta de neteja vi\u00e0ria o la de recollida, a nivells de serveis, tants com s&#8217;estiguin avaluant.<\/p>\n<p>[\/et_pb_text][\/et_pb_column][\/et_pb_row][\/et_pb_section][et_pb_section fb_built=&#8221;1&#8243; _builder_version=&#8221;4.9.10&#8243; _module_preset=&#8221;default&#8221; custom_margin=&#8221;10px||10px||false|false&#8221; custom_padding=&#8221;0px||0px||false|false&#8221; global_module=&#8221;3629&#8243; saved_tabs=&#8221;all&#8221; global_colors_info=&#8221;{}&#8221;][et_pb_row column_structure=&#8221;2_5,3_5&#8243; use_custom_gutter=&#8221;on&#8221; gutter_width=&#8221;1&#8243; make_equal=&#8221;on&#8221; _builder_version=&#8221;4.9.10&#8243; _module_preset=&#8221;default&#8221; background_color=&#8221;#1da691&#8243; width=&#8221;100%&#8221; max_width=&#8221;100%&#8221; custom_padding=&#8221;0px||0px||false|false&#8221; global_colors_info=&#8221;{}&#8221;][et_pb_column type=&#8221;2_5&#8243; _builder_version=&#8221;4.9.10&#8243; _module_preset=&#8221;default&#8221; background_color=&#8221;rgba(2,125,109,0.36)&#8221; background_image=&#8221;https:\/\/www.ciclaconsulting.com\/wp-content\/uploads\/2021\/08\/ciclaconsulting-seccio-contacte.jpg&#8221; background_blend=&#8221;multiply&#8221; custom_padding=&#8221;3%|3%|3%|10%|false|false&#8221; custom_padding_tablet=&#8221;15%||15%||false|false&#8221; custom_padding_phone=&#8221;20%||20%||false|false&#8221; custom_padding_last_edited=&#8221;on|desktop&#8221; global_colors_info=&#8221;{}&#8221;][et_pb_text _builder_version=&#8221;4.9.10&#8243; _module_preset=&#8221;default&#8221; global_colors_info=&#8221;{}&#8221;][\/et_pb_text][et_pb_text _builder_version=&#8221;4.12.1&#8243; _module_preset=&#8221;default&#8221; text_text_color=&#8221;#FFFFFF&#8221; header_2_font=&#8221;||||||||&#8221; header_2_text_color=&#8221;#FFFFFF&#8221; header_2_font_size=&#8221;35px&#8221; header_2_line_height=&#8221;1.3em&#8221; global_colors_info=&#8221;{}&#8221;]<\/p>\n<h2>Contacta amb nosaltres<\/h2>\n<p>Posa&#8217;t en contacte amb nosaltres i t&#8217;assessorarem sobre tot all\u00f2 que vulguis saber.<\/p>\n<p>[\/et_pb_text][\/et_pb_column][et_pb_column type=&#8221;3_5&#8243; _builder_version=&#8221;4.9.10&#8243; _module_preset=&#8221;default&#8221; custom_padding=&#8221;3%|15%|3%|5%|false|false&#8221; custom_padding_tablet=&#8221;5%|5%|5%|5%|false|false&#8221; custom_padding_phone=&#8221;8%|8%|8%|8%|false|false&#8221; custom_padding_last_edited=&#8221;on|phone&#8221; global_colors_info=&#8221;{}&#8221;][et_pb_contact_form email=&#8221;eduard@ciclaconsulting.com&#8221; custom_message=&#8221;%%Nombre%%||et_pb_line_break_holder||%%Email%%||et_pb_line_break_holder||%%Mensaje%%||et_pb_line_break_holder||%%Privacidad%%||et_pb_line_break_holder||&#8221; success_message=&#8221;El teu missatge ha estat enviat.&#8221; submit_button_text=&#8221;Enviar&#8221; _builder_version=&#8221;4.10.5&#8243; _module_preset=&#8221;default&#8221; form_field_background_color=&#8221;#eaeaea&#8221; form_field_text_color=&#8221;#666666&#8243; form_field_focus_background_color=&#8221;#ffffff&#8221; form_field_focus_text_color=&#8221;#282828&#8243; custom_button=&#8221;on&#8221; button_text_color=&#8221;#FFFFFF&#8221; button_border_color=&#8221;#FFFFFF&#8221; button_use_icon=&#8221;off&#8221; button_bg_color_last_edited=&#8221;off|desktop&#8221; custom_css_captcha_field=&#8221;margin-left:10px;&#8221; custom_css_captcha_label=&#8221;color:white;&#8221; global_colors_info=&#8221;{}&#8221; button_text_color__hover_enabled=&#8221;on|hover&#8221; button_text_color__hover=&#8221;#FFFFFF&#8221; button_bg_color__hover_enabled=&#8221;on|hover&#8221; button_bg_color__hover=&#8221;rgba(255,255,255,0.19)&#8221; button_bg_enable_color__hover=&#8221;on&#8221; button_border_color__hover_enabled=&#8221;on|hover&#8221; button_border_color__hover=&#8221;#FFFFFF&#8221; button_border_width__hover_enabled=&#8221;on|hover&#8221; button_border_width__hover=&#8221;1px&#8221;][et_pb_contact_field field_id=&#8221;Nombre&#8221; field_title=&#8221;Nom&#8221; _builder_version=&#8221;4.9.11&#8243; form_field_focus_background_color=&#8221;#ffffff&#8221; global_colors_info=&#8221;{}&#8221; button_text_size__hover_enabled=&#8221;off&#8221; button_one_text_size__hover_enabled=&#8221;off&#8221; button_two_text_size__hover_enabled=&#8221;off&#8221; button_text_color__hover_enabled=&#8221;off&#8221; button_one_text_color__hover_enabled=&#8221;off&#8221; button_two_text_color__hover_enabled=&#8221;off&#8221; button_border_width__hover_enabled=&#8221;off&#8221; button_one_border_width__hover_enabled=&#8221;off&#8221; button_two_border_width__hover_enabled=&#8221;off&#8221; button_border_color__hover_enabled=&#8221;off&#8221; button_one_border_color__hover_enabled=&#8221;off&#8221; button_two_border_color__hover_enabled=&#8221;off&#8221; button_border_radius__hover_enabled=&#8221;off&#8221; button_one_border_radius__hover_enabled=&#8221;off&#8221; button_two_border_radius__hover_enabled=&#8221;off&#8221; button_letter_spacing__hover_enabled=&#8221;off&#8221; button_one_letter_spacing__hover_enabled=&#8221;off&#8221; button_two_letter_spacing__hover_enabled=&#8221;off&#8221; button_bg_color__hover_enabled=&#8221;off&#8221; button_one_bg_color__hover_enabled=&#8221;off&#8221; button_two_bg_color__hover_enabled=&#8221;off&#8221;][\/et_pb_contact_field][et_pb_contact_field field_id=&#8221;Email&#8221; field_title=&#8221;Email&#8221; field_type=&#8221;email&#8221; _builder_version=&#8221;4.9.11&#8243; form_field_focus_background_color=&#8221;#ffffff&#8221; global_colors_info=&#8221;{}&#8221; button_text_size__hover_enabled=&#8221;off&#8221; button_one_text_size__hover_enabled=&#8221;off&#8221; button_two_text_size__hover_enabled=&#8221;off&#8221; button_text_color__hover_enabled=&#8221;off&#8221; button_one_text_color__hover_enabled=&#8221;off&#8221; button_two_text_color__hover_enabled=&#8221;off&#8221; button_border_width__hover_enabled=&#8221;off&#8221; button_one_border_width__hover_enabled=&#8221;off&#8221; button_two_border_width__hover_enabled=&#8221;off&#8221; button_border_color__hover_enabled=&#8221;off&#8221; button_one_border_color__hover_enabled=&#8221;off&#8221; button_two_border_color__hover_enabled=&#8221;off&#8221; button_border_radius__hover_enabled=&#8221;off&#8221; button_one_border_radius__hover_enabled=&#8221;off&#8221; button_two_border_radius__hover_enabled=&#8221;off&#8221; button_letter_spacing__hover_enabled=&#8221;off&#8221; button_one_letter_spacing__hover_enabled=&#8221;off&#8221; button_two_letter_spacing__hover_enabled=&#8221;off&#8221; button_bg_color__hover_enabled=&#8221;off&#8221; button_one_bg_color__hover_enabled=&#8221;off&#8221; button_two_bg_color__hover_enabled=&#8221;off&#8221;][\/et_pb_contact_field][et_pb_contact_field field_id=&#8221;Mensaje&#8221; field_title=&#8221;Missatge&#8221; field_type=&#8221;text&#8221; fullwidth_field=&#8221;on&#8221; _builder_version=&#8221;4.10.5&#8243; custom_margin=&#8221;||-10px||false|false&#8221; global_colors_info=&#8221;{}&#8221; button_text_size__hover_enabled=&#8221;off&#8221; button_one_text_size__hover_enabled=&#8221;off&#8221; button_two_text_size__hover_enabled=&#8221;off&#8221; button_text_color__hover_enabled=&#8221;off&#8221; button_one_text_color__hover_enabled=&#8221;off&#8221; button_two_text_color__hover_enabled=&#8221;off&#8221; button_border_width__hover_enabled=&#8221;off&#8221; button_one_border_width__hover_enabled=&#8221;off&#8221; button_two_border_width__hover_enabled=&#8221;off&#8221; button_border_color__hover_enabled=&#8221;off&#8221; button_one_border_color__hover_enabled=&#8221;off&#8221; button_two_border_color__hover_enabled=&#8221;off&#8221; button_border_radius__hover_enabled=&#8221;off&#8221; button_one_border_radius__hover_enabled=&#8221;off&#8221; button_two_border_radius__hover_enabled=&#8221;off&#8221; button_letter_spacing__hover_enabled=&#8221;off&#8221; button_one_letter_spacing__hover_enabled=&#8221;off&#8221; button_two_letter_spacing__hover_enabled=&#8221;off&#8221; button_bg_color__hover_enabled=&#8221;off&#8221; button_one_bg_color__hover_enabled=&#8221;off&#8221; button_two_bg_color__hover_enabled=&#8221;off&#8221;][\/et_pb_contact_field][et_pb_contact_field field_id=&#8221;Privacidad&#8221; field_type=&#8221;checkbox&#8221; checkbox_options=&#8221;%91{%22value%22:%22He llegit i accepto la pol\u00edtica de privadesa%22,%22checked%22:0,%22dragID%22:-1}%93&#8243; fullwidth_field=&#8221;on&#8221; _builder_version=&#8221;4.10.5&#8243; _module_preset=&#8221;default&#8221; form_field_text_color=&#8221;#FFFFFF&#8221; form_field_focus_text_color=&#8221;#FFFFFF&#8221; global_colors_info=&#8221;{}&#8221;][\/et_pb_contact_field][\/et_pb_contact_form][\/et_pb_column][\/et_pb_row][\/et_pb_section]<\/p>\n","protected":false},"excerpt":{"rendered":"<p>Control de qualitat de serveis.Control de qualitat de serveisDes de CICLA Consulting realitzem a trav\u00e9s d&#8217;un programari propi de recollida de dades i an\u00e0lisi un control de la qualitat dels serveis p\u00fablics de recollida de residus, neteja vi\u00e0ria i jardineria. Alguns dels municipis en qu\u00e8 hem treballat s\u00f3n Castelldefels i Sant Adri\u00e0 de Bes\u00f2s, que [&hellip;]<\/p>\n","protected":false},"author":1,"featured_media":0,"parent":0,"menu_order":0,"comment_status":"closed","ping_status":"closed","template":"","meta":{"_et_pb_use_builder":"on","_et_pb_old_content":"","_et_gb_content_width":"","footnotes":""},"class_list":["post-3406","page","type-page","status-publish","hentry"],"yoast_head":"<!-- This site is optimized with the Yoast SEO plugin v20.4 - https:\/\/yoast.com\/wordpress\/plugins\/seo\/ -->\n<title>Control de qualitat dels serveis - Cicla<\/title>\n<meta name=\"robots\" content=\"index, follow, max-snippet:-1, max-image-preview:large, max-video-preview:-1\" \/>\n<link rel=\"canonical\" href=\"https:\/\/www.ciclaconsulting.com\/ca\/control-de-qualitat-dels-serveis\/\" \/>\n<meta property=\"og:locale\" content=\"ca_ES\" \/>\n<meta property=\"og:type\" content=\"article\" \/>\n<meta property=\"og:title\" content=\"Control de qualitat dels serveis - Cicla\" \/>\n<meta property=\"og:description\" content=\"Control de qualitat de serveis.Control de qualitat de serveisDes de CICLA Consulting realitzem a trav\u00e9s d&#039;un programari propi de recollida de dades i an\u00e0lisi un control de la qualitat dels serveis p\u00fablics de recollida de residus, neteja vi\u00e0ria i jardineria. Alguns dels municipis en qu\u00e8 hem treballat s\u00f3n Castelldefels i Sant Adri\u00e0 de Bes\u00f2s, que [&hellip;]\" \/>\n<meta property=\"og:url\" content=\"https:\/\/www.ciclaconsulting.com\/ca\/control-de-qualitat-dels-serveis\/\" \/>\n<meta property=\"og:site_name\" content=\"Cicla\" \/>\n<meta property=\"article:modified_time\" content=\"2021-11-09T17:13:59+00:00\" \/>\n<meta name=\"twitter:label1\" content=\"Temps estimat de lectura\" \/>\n\t<meta name=\"twitter:data1\" content=\"8 minuts\" \/>\n<script type=\"application\/ld+json\" class=\"yoast-schema-graph\">{\"@context\":\"https:\/\/schema.org\",\"@graph\":[{\"@type\":\"WebPage\",\"@id\":\"https:\/\/www.ciclaconsulting.com\/ca\/control-de-qualitat-dels-serveis\/\",\"url\":\"https:\/\/www.ciclaconsulting.com\/ca\/control-de-qualitat-dels-serveis\/\",\"name\":\"Control de qualitat dels serveis - Cicla\",\"isPartOf\":{\"@id\":\"https:\/\/www.ciclaconsulting.com\/#website\"},\"datePublished\":\"2021-11-01T23:00:55+00:00\",\"dateModified\":\"2021-11-09T17:13:59+00:00\",\"breadcrumb\":{\"@id\":\"https:\/\/www.ciclaconsulting.com\/ca\/control-de-qualitat-dels-serveis\/#breadcrumb\"},\"inLanguage\":\"ca\",\"potentialAction\":[{\"@type\":\"ReadAction\",\"target\":[\"https:\/\/www.ciclaconsulting.com\/ca\/control-de-qualitat-dels-serveis\/\"]}]},{\"@type\":\"BreadcrumbList\",\"@id\":\"https:\/\/www.ciclaconsulting.com\/ca\/control-de-qualitat-dels-serveis\/#breadcrumb\",\"itemListElement\":[{\"@type\":\"ListItem\",\"position\":1,\"name\":\"Inici\",\"item\":\"https:\/\/www.ciclaconsulting.com\/ca\/\"},{\"@type\":\"ListItem\",\"position\":2,\"name\":\"Control de qualitat dels serveis\"}]},{\"@type\":\"WebSite\",\"@id\":\"https:\/\/www.ciclaconsulting.com\/#website\",\"url\":\"https:\/\/www.ciclaconsulting.com\/\",\"name\":\"Cicla\",\"description\":\"Consulting services\",\"potentialAction\":[{\"@type\":\"SearchAction\",\"target\":{\"@type\":\"EntryPoint\",\"urlTemplate\":\"https:\/\/www.ciclaconsulting.com\/?s={search_term_string}\"},\"query-input\":\"required name=search_term_string\"}],\"inLanguage\":\"ca\"}]}<\/script>\n<!-- \/ Yoast SEO plugin. -->","yoast_head_json":{"title":"Control de qualitat dels serveis - Cicla","robots":{"index":"index","follow":"follow","max-snippet":"max-snippet:-1","max-image-preview":"max-image-preview:large","max-video-preview":"max-video-preview:-1"},"canonical":"https:\/\/www.ciclaconsulting.com\/ca\/control-de-qualitat-dels-serveis\/","og_locale":"ca_ES","og_type":"article","og_title":"Control de qualitat dels serveis - Cicla","og_description":"Control de qualitat de serveis.Control de qualitat de serveisDes de CICLA Consulting realitzem a trav\u00e9s d'un programari propi de recollida de dades i an\u00e0lisi un control de la qualitat dels serveis p\u00fablics de recollida de residus, neteja vi\u00e0ria i jardineria. Alguns dels municipis en qu\u00e8 hem treballat s\u00f3n Castelldefels i Sant Adri\u00e0 de Bes\u00f2s, que [&hellip;]","og_url":"https:\/\/www.ciclaconsulting.com\/ca\/control-de-qualitat-dels-serveis\/","og_site_name":"Cicla","article_modified_time":"2021-11-09T17:13:59+00:00","twitter_misc":{"Temps estimat de lectura":"8 minuts"},"schema":{"@context":"https:\/\/schema.org","@graph":[{"@type":"WebPage","@id":"https:\/\/www.ciclaconsulting.com\/ca\/control-de-qualitat-dels-serveis\/","url":"https:\/\/www.ciclaconsulting.com\/ca\/control-de-qualitat-dels-serveis\/","name":"Control de qualitat dels serveis - Cicla","isPartOf":{"@id":"https:\/\/www.ciclaconsulting.com\/#website"},"datePublished":"2021-11-01T23:00:55+00:00","dateModified":"2021-11-09T17:13:59+00:00","breadcrumb":{"@id":"https:\/\/www.ciclaconsulting.com\/ca\/control-de-qualitat-dels-serveis\/#breadcrumb"},"inLanguage":"ca","potentialAction":[{"@type":"ReadAction","target":["https:\/\/www.ciclaconsulting.com\/ca\/control-de-qualitat-dels-serveis\/"]}]},{"@type":"BreadcrumbList","@id":"https:\/\/www.ciclaconsulting.com\/ca\/control-de-qualitat-dels-serveis\/#breadcrumb","itemListElement":[{"@type":"ListItem","position":1,"name":"Inici","item":"https:\/\/www.ciclaconsulting.com\/ca\/"},{"@type":"ListItem","position":2,"name":"Control de qualitat dels serveis"}]},{"@type":"WebSite","@id":"https:\/\/www.ciclaconsulting.com\/#website","url":"https:\/\/www.ciclaconsulting.com\/","name":"Cicla","description":"Consulting services","potentialAction":[{"@type":"SearchAction","target":{"@type":"EntryPoint","urlTemplate":"https:\/\/www.ciclaconsulting.com\/?s={search_term_string}"},"query-input":"required name=search_term_string"}],"inLanguage":"ca"}]}},"_links":{"self":[{"href":"https:\/\/www.ciclaconsulting.com\/ca\/wp-json\/wp\/v2\/pages\/3406","targetHints":{"allow":["GET"]}}],"collection":[{"href":"https:\/\/www.ciclaconsulting.com\/ca\/wp-json\/wp\/v2\/pages"}],"about":[{"href":"https:\/\/www.ciclaconsulting.com\/ca\/wp-json\/wp\/v2\/types\/page"}],"author":[{"embeddable":true,"href":"https:\/\/www.ciclaconsulting.com\/ca\/wp-json\/wp\/v2\/users\/1"}],"replies":[{"embeddable":true,"href":"https:\/\/www.ciclaconsulting.com\/ca\/wp-json\/wp\/v2\/comments?post=3406"}],"version-history":[{"count":4,"href":"https:\/\/www.ciclaconsulting.com\/ca\/wp-json\/wp\/v2\/pages\/3406\/revisions"}],"predecessor-version":[{"id":3666,"href":"https:\/\/www.ciclaconsulting.com\/ca\/wp-json\/wp\/v2\/pages\/3406\/revisions\/3666"}],"wp:attachment":[{"href":"https:\/\/www.ciclaconsulting.com\/ca\/wp-json\/wp\/v2\/media?parent=3406"}],"curies":[{"name":"wp","href":"https:\/\/api.w.org\/{rel}","templated":true}]}}