{"id":3426,"date":"2021-11-01T23:34:44","date_gmt":"2021-11-01T23:34:44","guid":{"rendered":"https:\/\/www.ciclaconsulting.com\/enginyeria-ambiental\/"},"modified":"2021-11-09T17:22:03","modified_gmt":"2021-11-09T17:22:03","slug":"enginyeria-ambiental","status":"publish","type":"page","link":"https:\/\/www.ciclaconsulting.com\/ca\/enginyeria-ambiental\/","title":{"rendered":"Enginyeria Ambiental"},"content":{"rendered":"<p>[et_pb_section fb_built=&#8221;1&#8243; _builder_version=&#8221;4.9.11&#8243; _module_preset=&#8221;default&#8221; background_image=&#8221;https:\/\/www.ciclaconsulting.com\/wp-content\/uploads\/2021\/08\/ciclaconsulting-banner-20.jpg&#8221; custom_margin=&#8221;||||false|false&#8221; custom_padding=&#8221;8%||8%||false|false&#8221; global_colors_info=&#8221;{}&#8221;][et_pb_row column_structure=&#8221;1_2,1_2&#8243; use_custom_gutter=&#8221;on&#8221; gutter_width=&#8221;1&#8243; make_equal=&#8221;on&#8221; _builder_version=&#8221;4.9.10&#8243; _module_preset=&#8221;default&#8221; custom_padding=&#8221;||||false|false&#8221; global_colors_info=&#8221;{}&#8221;][et_pb_column type=&#8221;1_2&#8243; _builder_version=&#8221;4.9.10&#8243; _module_preset=&#8221;default&#8221; background_color=&#8221;rgba(0,0,0,0.54)&#8221; custom_padding=&#8221;3%|3%|3%|3%|false|false&#8221; animation_style=&#8221;fade&#8221; global_colors_info=&#8221;{}&#8221;][et_pb_text _builder_version=&#8221;4.11.3&#8243; _module_preset=&#8221;default&#8221; header_text_color=&#8221;#FFFFFF&#8221; header_2_font=&#8221;||||||||&#8221; header_2_text_color=&#8221;#FFFFFF&#8221; header_2_font_size=&#8221;40px&#8221; header_2_line_height=&#8221;1.1em&#8221; header_3_text_color=&#8221;#FFFFFF&#8221; custom_margin=&#8221;||||false|false&#8221; custom_padding=&#8221;|||30px|false|false&#8221; header_2_font_size_tablet=&#8221;&#8221; header_2_font_size_phone=&#8221;32px&#8221; header_2_font_size_last_edited=&#8221;on|phone&#8221; border_color_bottom=&#8221;#FFFFFF&#8221; border_width_left=&#8221;2px&#8221; border_color_left=&#8221;#FFFFFF&#8221; global_colors_info=&#8221;{}&#8221;]<\/p>\n<h2>Enginyeria ambiental<\/h2>\n<h3>Recuperaci\u00f3 d&#8217;espais.<\/h3>\n<p>[\/et_pb_text][\/et_pb_column][et_pb_column type=&#8221;1_2&#8243; _builder_version=&#8221;4.9.10&#8243; _module_preset=&#8221;default&#8221; global_colors_info=&#8221;{}&#8221;][\/et_pb_column][\/et_pb_row][\/et_pb_section][et_pb_section fb_built=&#8221;1&#8243; _builder_version=&#8221;3.22&#8243; background_color=&#8221;#f7f7f7&#8243; parallax=&#8221;on&#8221; parallax_method=&#8221;off&#8221; transparent_background=&#8221;off&#8221; global_colors_info=&#8221;{}&#8221;][et_pb_row _builder_version=&#8221;4.10.1&#8243; _module_preset=&#8221;default&#8221; custom_padding=&#8221;||0px||false|false&#8221; global_colors_info=&#8221;{}&#8221;][et_pb_column type=&#8221;4_4&#8243; _builder_version=&#8221;4.10.1&#8243; _module_preset=&#8221;default&#8221; global_colors_info=&#8221;{}&#8221;][et_pb_text _builder_version=&#8221;4.10.1&#8243; _module_preset=&#8221;default&#8221; custom_padding=&#8221;||10px||false|false&#8221; border_width_bottom=&#8221;1px&#8221; global_colors_info=&#8221;{}&#8221;]<\/p>\n<h2>Recuperaci\u00f3 sostenible del paisatge<\/h2>\n<p>[\/et_pb_text][\/et_pb_column][\/et_pb_row][et_pb_row column_structure=&#8221;1_2,1_2&#8243; use_custom_gutter=&#8221;on&#8221; make_equal=&#8221;on&#8221; _builder_version=&#8221;4.10.1&#8243; background_size=&#8221;initial&#8221; background_position=&#8221;top_left&#8221; background_repeat=&#8221;repeat&#8221; global_colors_info=&#8221;{}&#8221;][et_pb_column type=&#8221;1_2&#8243; _builder_version=&#8221;3.25&#8243; custom_padding=&#8221;|||&#8221; global_colors_info=&#8221;{}&#8221; custom_padding__hover=&#8221;|||&#8221;][et_pb_text admin_label=&#8221;ingenieria Ambiental 1&#8243; _builder_version=&#8221;3.27.4&#8243; background_size=&#8221;initial&#8221; background_position=&#8221;top_left&#8221; background_repeat=&#8221;repeat&#8221; global_colors_info=&#8221;{}&#8221;]Un medi ambient danyat, antropitzat i amb un \u00fas per sobre de la seva vulnerabilitat suporta impactes ambientals que, moltes vegades, donada la incid\u00e8ncia negativa assoleixen valors irrecuperables amb tot el que comporta per a l&#8217;ecosistema corresponent.<\/p>\n<p>Entenem la recuperaci\u00f3 i\/o recuperaci\u00f3 d&#8217;espais d&#8217;activitats vinculades amb el terra i\/o aprofitament de les seves superf\u00edcies, com el mecanisme que contribueix a la recuperaci\u00f3 sostenible de l&#8217;espai afectat, a m\u00e9s de millorar la qualitat paisatg\u00edstica del lloc; un mecanisme lent per\u00f2 progressiu, les pautes temporals permeten dotar el lloc d&#8217;una nova oportunitat per a la reversibilitat de l&#8217;impacte. Desenvolupem sempre una t\u00e8cnica executiva per al desenvolupament del projecte, amb l&#8217;obtenci\u00f3 d&#8217;una qualitat visual adequada al seu entorn.<\/p>\n<ul>\n<li>Projectes de rehabilitaci\u00f3 i recuperaci\u00f3 de b\u00f2biles, pedreres.<\/li>\n<li>Disseny de clausures i post clausures de dip\u00f2sits de residus.<\/li>\n<li>Estudis de geotecnologia ambiental, caracteritzacions geomec\u00e0niques, estudis d&#8217;estabilitat de talussos.<\/li>\n<li>Recuperaci\u00f3 d&#8217;espais en cursos fluvials, paisatge dunar, medi abi\u00f2tic,&#8230;<\/li>\n<\/ul>\n<p>&nbsp;<br \/>\n[\/et_pb_text][\/et_pb_column][et_pb_column type=&#8221;1_2&#8243; _builder_version=&#8221;3.25&#8243; custom_padding=&#8221;|||&#8221; global_colors_info=&#8221;{}&#8221; custom_padding__hover=&#8221;|||&#8221;][et_pb_text admin_label=&#8221;Ingenieria Ambiental 2&#8243; _builder_version=&#8221;4.13.0&#8243; background_size=&#8221;initial&#8221; background_position=&#8221;top_left&#8221; background_repeat=&#8221;repeat&#8221; hover_enabled=&#8221;0&#8243; global_colors_info=&#8221;{}&#8221; sticky_enabled=&#8221;0&#8243;]El sector industrial incideix sobre el medi ambient quan els impactes derivats d&#8217;una gesti\u00f3 obliguen a pautes de recuperaci\u00f3 en els mateixos.<\/p>\n<p>Reportem un servei per concloure en les millors t\u00e8cniques disponibles i donar un suport a les empreses mitjan\u00e7ant els estudis que es puguin derivar en cada cas.<br \/>\n&nbsp;<\/p>\n<ul>\n<li>Medi ambient laboral (contaminants qu\u00edmics i f\u00edsics, control d&#8217;exposici\u00f3 laboral.<\/li>\n<li>Diagnosi control i declaraci\u00f3 de s\u00f2ls contaminats (projectes de deconstrucci\u00f3, gesti\u00f3 dels residus i aplicaci\u00f3 t\u00e8cniques de descontaminaci\u00f3 de s\u00f2ls).<\/li>\n<li>Atmosfera (models de dispersi\u00f3 de contaminants atmosf\u00e8rics, gesti\u00f3 per al control d&#8217;emissions i immissions atmosf\u00e8riques).<\/li>\n<li>Impacte sonor (caracteritzaci\u00f3 fonts de soroll, vibracions).<\/li>\n<li>Aig\u00fces subterr\u00e0nies (estudis afecci\u00f3, sobreexplotaci\u00f3 aq\u00fc\u00edfers, c\u00e0lcul reserves, transport de contaminants qu\u00edmics, gesti\u00f3 d&#8217;aq\u00fc\u00edfers).<\/li>\n<\/ul>\n<p>[\/et_pb_text][\/et_pb_column][\/et_pb_row][\/et_pb_section][et_pb_section fb_built=&#8221;1&#8243; _builder_version=&#8221;4.9.10&#8243; _module_preset=&#8221;default&#8221; custom_margin=&#8221;10px||10px||false|false&#8221; custom_padding=&#8221;0px||0px||false|false&#8221; global_module=&#8221;3629&#8243; saved_tabs=&#8221;all&#8221; global_colors_info=&#8221;{}&#8221;][et_pb_row column_structure=&#8221;2_5,3_5&#8243; use_custom_gutter=&#8221;on&#8221; gutter_width=&#8221;1&#8243; make_equal=&#8221;on&#8221; _builder_version=&#8221;4.9.10&#8243; _module_preset=&#8221;default&#8221; background_color=&#8221;#1da691&#8243; width=&#8221;100%&#8221; max_width=&#8221;100%&#8221; custom_padding=&#8221;0px||0px||false|false&#8221; global_colors_info=&#8221;{}&#8221;][et_pb_column type=&#8221;2_5&#8243; _builder_version=&#8221;4.9.10&#8243; _module_preset=&#8221;default&#8221; background_color=&#8221;rgba(2,125,109,0.36)&#8221; background_image=&#8221;https:\/\/www.ciclaconsulting.com\/wp-content\/uploads\/2021\/08\/ciclaconsulting-seccio-contacte.jpg&#8221; background_blend=&#8221;multiply&#8221; custom_padding=&#8221;3%|3%|3%|10%|false|false&#8221; custom_padding_tablet=&#8221;15%||15%||false|false&#8221; custom_padding_phone=&#8221;20%||20%||false|false&#8221; custom_padding_last_edited=&#8221;on|desktop&#8221; global_colors_info=&#8221;{}&#8221;][et_pb_text _builder_version=&#8221;4.9.10&#8243; _module_preset=&#8221;default&#8221; global_colors_info=&#8221;{}&#8221;][\/et_pb_text][et_pb_text _builder_version=&#8221;4.12.1&#8243; _module_preset=&#8221;default&#8221; text_text_color=&#8221;#FFFFFF&#8221; header_2_font=&#8221;||||||||&#8221; header_2_text_color=&#8221;#FFFFFF&#8221; header_2_font_size=&#8221;35px&#8221; header_2_line_height=&#8221;1.3em&#8221; global_colors_info=&#8221;{}&#8221;]<\/p>\n<h2>Contacta amb nosaltres<\/h2>\n<p>Posa&#8217;t en contacte amb nosaltres i t&#8217;assessorarem sobre tot all\u00f2 que vulguis saber.<\/p>\n<p>[\/et_pb_text][\/et_pb_column][et_pb_column type=&#8221;3_5&#8243; _builder_version=&#8221;4.9.10&#8243; _module_preset=&#8221;default&#8221; custom_padding=&#8221;3%|15%|3%|5%|false|false&#8221; custom_padding_tablet=&#8221;5%|5%|5%|5%|false|false&#8221; custom_padding_phone=&#8221;8%|8%|8%|8%|false|false&#8221; custom_padding_last_edited=&#8221;on|phone&#8221; global_colors_info=&#8221;{}&#8221;][et_pb_contact_form email=&#8221;eduard@ciclaconsulting.com&#8221; custom_message=&#8221;%%Nombre%%||et_pb_line_break_holder||%%Email%%||et_pb_line_break_holder||%%Mensaje%%||et_pb_line_break_holder||%%Privacidad%%||et_pb_line_break_holder||&#8221; success_message=&#8221;El teu missatge ha estat enviat.&#8221; submit_button_text=&#8221;Enviar&#8221; _builder_version=&#8221;4.10.5&#8243; _module_preset=&#8221;default&#8221; form_field_background_color=&#8221;#eaeaea&#8221; form_field_text_color=&#8221;#666666&#8243; form_field_focus_background_color=&#8221;#ffffff&#8221; form_field_focus_text_color=&#8221;#282828&#8243; custom_button=&#8221;on&#8221; button_text_color=&#8221;#FFFFFF&#8221; button_border_color=&#8221;#FFFFFF&#8221; button_use_icon=&#8221;off&#8221; button_bg_color_last_edited=&#8221;off|desktop&#8221; custom_css_captcha_field=&#8221;margin-left:10px;&#8221; custom_css_captcha_label=&#8221;color:white;&#8221; global_colors_info=&#8221;{}&#8221; button_text_color__hover_enabled=&#8221;on|hover&#8221; button_text_color__hover=&#8221;#FFFFFF&#8221; button_bg_color__hover_enabled=&#8221;on|hover&#8221; button_bg_color__hover=&#8221;rgba(255,255,255,0.19)&#8221; button_bg_enable_color__hover=&#8221;on&#8221; button_border_color__hover_enabled=&#8221;on|hover&#8221; button_border_color__hover=&#8221;#FFFFFF&#8221; button_border_width__hover_enabled=&#8221;on|hover&#8221; button_border_width__hover=&#8221;1px&#8221;][et_pb_contact_field field_id=&#8221;Nombre&#8221; field_title=&#8221;Nom&#8221; _builder_version=&#8221;4.9.11&#8243; form_field_focus_background_color=&#8221;#ffffff&#8221; global_colors_info=&#8221;{}&#8221; button_text_size__hover_enabled=&#8221;off&#8221; button_one_text_size__hover_enabled=&#8221;off&#8221; button_two_text_size__hover_enabled=&#8221;off&#8221; button_text_color__hover_enabled=&#8221;off&#8221; button_one_text_color__hover_enabled=&#8221;off&#8221; button_two_text_color__hover_enabled=&#8221;off&#8221; button_border_width__hover_enabled=&#8221;off&#8221; button_one_border_width__hover_enabled=&#8221;off&#8221; button_two_border_width__hover_enabled=&#8221;off&#8221; button_border_color__hover_enabled=&#8221;off&#8221; button_one_border_color__hover_enabled=&#8221;off&#8221; button_two_border_color__hover_enabled=&#8221;off&#8221; button_border_radius__hover_enabled=&#8221;off&#8221; button_one_border_radius__hover_enabled=&#8221;off&#8221; button_two_border_radius__hover_enabled=&#8221;off&#8221; button_letter_spacing__hover_enabled=&#8221;off&#8221; button_one_letter_spacing__hover_enabled=&#8221;off&#8221; button_two_letter_spacing__hover_enabled=&#8221;off&#8221; button_bg_color__hover_enabled=&#8221;off&#8221; button_one_bg_color__hover_enabled=&#8221;off&#8221; button_two_bg_color__hover_enabled=&#8221;off&#8221;][\/et_pb_contact_field][et_pb_contact_field field_id=&#8221;Email&#8221; field_title=&#8221;Email&#8221; field_type=&#8221;email&#8221; _builder_version=&#8221;4.9.11&#8243; form_field_focus_background_color=&#8221;#ffffff&#8221; global_colors_info=&#8221;{}&#8221; button_text_size__hover_enabled=&#8221;off&#8221; button_one_text_size__hover_enabled=&#8221;off&#8221; button_two_text_size__hover_enabled=&#8221;off&#8221; button_text_color__hover_enabled=&#8221;off&#8221; button_one_text_color__hover_enabled=&#8221;off&#8221; button_two_text_color__hover_enabled=&#8221;off&#8221; button_border_width__hover_enabled=&#8221;off&#8221; button_one_border_width__hover_enabled=&#8221;off&#8221; button_two_border_width__hover_enabled=&#8221;off&#8221; button_border_color__hover_enabled=&#8221;off&#8221; button_one_border_color__hover_enabled=&#8221;off&#8221; button_two_border_color__hover_enabled=&#8221;off&#8221; button_border_radius__hover_enabled=&#8221;off&#8221; button_one_border_radius__hover_enabled=&#8221;off&#8221; button_two_border_radius__hover_enabled=&#8221;off&#8221; button_letter_spacing__hover_enabled=&#8221;off&#8221; button_one_letter_spacing__hover_enabled=&#8221;off&#8221; button_two_letter_spacing__hover_enabled=&#8221;off&#8221; button_bg_color__hover_enabled=&#8221;off&#8221; button_one_bg_color__hover_enabled=&#8221;off&#8221; button_two_bg_color__hover_enabled=&#8221;off&#8221;][\/et_pb_contact_field][et_pb_contact_field field_id=&#8221;Mensaje&#8221; field_title=&#8221;Missatge&#8221; field_type=&#8221;text&#8221; fullwidth_field=&#8221;on&#8221; _builder_version=&#8221;4.10.5&#8243; custom_margin=&#8221;||-10px||false|false&#8221; global_colors_info=&#8221;{}&#8221; button_text_size__hover_enabled=&#8221;off&#8221; button_one_text_size__hover_enabled=&#8221;off&#8221; button_two_text_size__hover_enabled=&#8221;off&#8221; button_text_color__hover_enabled=&#8221;off&#8221; button_one_text_color__hover_enabled=&#8221;off&#8221; button_two_text_color__hover_enabled=&#8221;off&#8221; button_border_width__hover_enabled=&#8221;off&#8221; button_one_border_width__hover_enabled=&#8221;off&#8221; button_two_border_width__hover_enabled=&#8221;off&#8221; button_border_color__hover_enabled=&#8221;off&#8221; button_one_border_color__hover_enabled=&#8221;off&#8221; button_two_border_color__hover_enabled=&#8221;off&#8221; button_border_radius__hover_enabled=&#8221;off&#8221; button_one_border_radius__hover_enabled=&#8221;off&#8221; button_two_border_radius__hover_enabled=&#8221;off&#8221; button_letter_spacing__hover_enabled=&#8221;off&#8221; button_one_letter_spacing__hover_enabled=&#8221;off&#8221; button_two_letter_spacing__hover_enabled=&#8221;off&#8221; button_bg_color__hover_enabled=&#8221;off&#8221; button_one_bg_color__hover_enabled=&#8221;off&#8221; button_two_bg_color__hover_enabled=&#8221;off&#8221;][\/et_pb_contact_field][et_pb_contact_field field_id=&#8221;Privacidad&#8221; field_type=&#8221;checkbox&#8221; checkbox_options=&#8221;%91{%22value%22:%22He llegit i accepto la pol\u00edtica de privadesa%22,%22checked%22:0,%22dragID%22:-1}%93&#8243; fullwidth_field=&#8221;on&#8221; _builder_version=&#8221;4.10.5&#8243; _module_preset=&#8221;default&#8221; form_field_text_color=&#8221;#FFFFFF&#8221; form_field_focus_text_color=&#8221;#FFFFFF&#8221; global_colors_info=&#8221;{}&#8221;][\/et_pb_contact_field][\/et_pb_contact_form][\/et_pb_column][\/et_pb_row][\/et_pb_section]<\/p>\n","protected":false},"excerpt":{"rendered":"<p>Enginyeria ambiental Recuperaci\u00f3 d&#8217;espais.Recuperaci\u00f3 sostenible del paisatgeUn medi ambient danyat, antropitzat i amb un \u00fas per sobre de la seva vulnerabilitat suporta impactes ambientals que, moltes vegades, donada la incid\u00e8ncia negativa assoleixen valors irrecuperables amb tot el que comporta per a l&#8217;ecosistema corresponent. Entenem la recuperaci\u00f3 i\/o recuperaci\u00f3 d&#8217;espais d&#8217;activitats vinculades amb el terra i\/o [&hellip;]<\/p>\n","protected":false},"author":1,"featured_media":0,"parent":0,"menu_order":0,"comment_status":"open","ping_status":"open","template":"","meta":{"_et_pb_use_builder":"on","_et_pb_old_content":"","_et_gb_content_width":"","footnotes":""},"class_list":["post-3426","page","type-page","status-publish","hentry"],"yoast_head":"<!-- This site is optimized with the Yoast SEO plugin v20.4 - https:\/\/yoast.com\/wordpress\/plugins\/seo\/ -->\n<title>Enginyeria Ambiental - Cicla<\/title>\n<meta name=\"robots\" content=\"index, follow, max-snippet:-1, max-image-preview:large, max-video-preview:-1\" \/>\n<link rel=\"canonical\" href=\"https:\/\/www.ciclaconsulting.com\/ca\/enginyeria-ambiental\/\" \/>\n<meta property=\"og:locale\" content=\"ca_ES\" \/>\n<meta property=\"og:type\" content=\"article\" \/>\n<meta property=\"og:title\" content=\"Enginyeria Ambiental - Cicla\" \/>\n<meta property=\"og:description\" content=\"Enginyeria ambiental Recuperaci\u00f3 d&#039;espais.Recuperaci\u00f3 sostenible del paisatgeUn medi ambient danyat, antropitzat i amb un \u00fas per sobre de la seva vulnerabilitat suporta impactes ambientals que, moltes vegades, donada la incid\u00e8ncia negativa assoleixen valors irrecuperables amb tot el que comporta per a l&#039;ecosistema corresponent. Entenem la recuperaci\u00f3 i\/o recuperaci\u00f3 d&#039;espais d&#039;activitats vinculades amb el terra i\/o [&hellip;]\" \/>\n<meta property=\"og:url\" content=\"https:\/\/www.ciclaconsulting.com\/ca\/enginyeria-ambiental\/\" \/>\n<meta property=\"og:site_name\" content=\"Cicla\" \/>\n<meta property=\"article:modified_time\" content=\"2021-11-09T17:22:03+00:00\" \/>\n<meta name=\"twitter:label1\" content=\"Temps estimat de lectura\" \/>\n\t<meta name=\"twitter:data1\" content=\"8 minuts\" \/>\n<script type=\"application\/ld+json\" class=\"yoast-schema-graph\">{\"@context\":\"https:\/\/schema.org\",\"@graph\":[{\"@type\":\"WebPage\",\"@id\":\"https:\/\/www.ciclaconsulting.com\/ca\/enginyeria-ambiental\/\",\"url\":\"https:\/\/www.ciclaconsulting.com\/ca\/enginyeria-ambiental\/\",\"name\":\"Enginyeria Ambiental - Cicla\",\"isPartOf\":{\"@id\":\"https:\/\/www.ciclaconsulting.com\/#website\"},\"datePublished\":\"2021-11-01T23:34:44+00:00\",\"dateModified\":\"2021-11-09T17:22:03+00:00\",\"breadcrumb\":{\"@id\":\"https:\/\/www.ciclaconsulting.com\/ca\/enginyeria-ambiental\/#breadcrumb\"},\"inLanguage\":\"ca\",\"potentialAction\":[{\"@type\":\"ReadAction\",\"target\":[\"https:\/\/www.ciclaconsulting.com\/ca\/enginyeria-ambiental\/\"]}]},{\"@type\":\"BreadcrumbList\",\"@id\":\"https:\/\/www.ciclaconsulting.com\/ca\/enginyeria-ambiental\/#breadcrumb\",\"itemListElement\":[{\"@type\":\"ListItem\",\"position\":1,\"name\":\"Inici\",\"item\":\"https:\/\/www.ciclaconsulting.com\/ca\/\"},{\"@type\":\"ListItem\",\"position\":2,\"name\":\"Enginyeria Ambiental\"}]},{\"@type\":\"WebSite\",\"@id\":\"https:\/\/www.ciclaconsulting.com\/#website\",\"url\":\"https:\/\/www.ciclaconsulting.com\/\",\"name\":\"Cicla\",\"description\":\"Consulting services\",\"potentialAction\":[{\"@type\":\"SearchAction\",\"target\":{\"@type\":\"EntryPoint\",\"urlTemplate\":\"https:\/\/www.ciclaconsulting.com\/?s={search_term_string}\"},\"query-input\":\"required name=search_term_string\"}],\"inLanguage\":\"ca\"}]}<\/script>\n<!-- \/ Yoast SEO plugin. -->","yoast_head_json":{"title":"Enginyeria Ambiental - Cicla","robots":{"index":"index","follow":"follow","max-snippet":"max-snippet:-1","max-image-preview":"max-image-preview:large","max-video-preview":"max-video-preview:-1"},"canonical":"https:\/\/www.ciclaconsulting.com\/ca\/enginyeria-ambiental\/","og_locale":"ca_ES","og_type":"article","og_title":"Enginyeria Ambiental - Cicla","og_description":"Enginyeria ambiental Recuperaci\u00f3 d'espais.Recuperaci\u00f3 sostenible del paisatgeUn medi ambient danyat, antropitzat i amb un \u00fas per sobre de la seva vulnerabilitat suporta impactes ambientals que, moltes vegades, donada la incid\u00e8ncia negativa assoleixen valors irrecuperables amb tot el que comporta per a l'ecosistema corresponent. Entenem la recuperaci\u00f3 i\/o recuperaci\u00f3 d'espais d'activitats vinculades amb el terra i\/o [&hellip;]","og_url":"https:\/\/www.ciclaconsulting.com\/ca\/enginyeria-ambiental\/","og_site_name":"Cicla","article_modified_time":"2021-11-09T17:22:03+00:00","twitter_misc":{"Temps estimat de lectura":"8 minuts"},"schema":{"@context":"https:\/\/schema.org","@graph":[{"@type":"WebPage","@id":"https:\/\/www.ciclaconsulting.com\/ca\/enginyeria-ambiental\/","url":"https:\/\/www.ciclaconsulting.com\/ca\/enginyeria-ambiental\/","name":"Enginyeria Ambiental - Cicla","isPartOf":{"@id":"https:\/\/www.ciclaconsulting.com\/#website"},"datePublished":"2021-11-01T23:34:44+00:00","dateModified":"2021-11-09T17:22:03+00:00","breadcrumb":{"@id":"https:\/\/www.ciclaconsulting.com\/ca\/enginyeria-ambiental\/#breadcrumb"},"inLanguage":"ca","potentialAction":[{"@type":"ReadAction","target":["https:\/\/www.ciclaconsulting.com\/ca\/enginyeria-ambiental\/"]}]},{"@type":"BreadcrumbList","@id":"https:\/\/www.ciclaconsulting.com\/ca\/enginyeria-ambiental\/#breadcrumb","itemListElement":[{"@type":"ListItem","position":1,"name":"Inici","item":"https:\/\/www.ciclaconsulting.com\/ca\/"},{"@type":"ListItem","position":2,"name":"Enginyeria Ambiental"}]},{"@type":"WebSite","@id":"https:\/\/www.ciclaconsulting.com\/#website","url":"https:\/\/www.ciclaconsulting.com\/","name":"Cicla","description":"Consulting services","potentialAction":[{"@type":"SearchAction","target":{"@type":"EntryPoint","urlTemplate":"https:\/\/www.ciclaconsulting.com\/?s={search_term_string}"},"query-input":"required name=search_term_string"}],"inLanguage":"ca"}]}},"_links":{"self":[{"href":"https:\/\/www.ciclaconsulting.com\/ca\/wp-json\/wp\/v2\/pages\/3426","targetHints":{"allow":["GET"]}}],"collection":[{"href":"https:\/\/www.ciclaconsulting.com\/ca\/wp-json\/wp\/v2\/pages"}],"about":[{"href":"https:\/\/www.ciclaconsulting.com\/ca\/wp-json\/wp\/v2\/types\/page"}],"author":[{"embeddable":true,"href":"https:\/\/www.ciclaconsulting.com\/ca\/wp-json\/wp\/v2\/users\/1"}],"replies":[{"embeddable":true,"href":"https:\/\/www.ciclaconsulting.com\/ca\/wp-json\/wp\/v2\/comments?post=3426"}],"version-history":[{"count":5,"href":"https:\/\/www.ciclaconsulting.com\/ca\/wp-json\/wp\/v2\/pages\/3426\/revisions"}],"predecessor-version":[{"id":3672,"href":"https:\/\/www.ciclaconsulting.com\/ca\/wp-json\/wp\/v2\/pages\/3426\/revisions\/3672"}],"wp:attachment":[{"href":"https:\/\/www.ciclaconsulting.com\/ca\/wp-json\/wp\/v2\/media?parent=3426"}],"curies":[{"name":"wp","href":"https:\/\/api.w.org\/{rel}","templated":true}]}}