{"id":3684,"date":"2021-11-09T21:14:21","date_gmt":"2021-11-09T21:14:21","guid":{"rendered":"https:\/\/www.ciclaconsulting.com\/politica-de-cookies\/"},"modified":"2021-11-09T21:35:50","modified_gmt":"2021-11-09T21:35:50","slug":"politica-de-cookies","status":"publish","type":"page","link":"https:\/\/www.ciclaconsulting.com\/ca\/politica-de-cookies\/","title":{"rendered":"Pol\u00edtica de cookies"},"content":{"rendered":"<p>Una <em>cookie<\/em> \u00e9s un petit fitxer de text que s&#8217;emmagatzema al vostre navegador quan visita gaireb\u00e9 qualsevol p\u00e0gina web. La seva utilitat \u00e9s que la web sigui capa\u00e7 de recordar la vostra visita quan torneu a navegar per aquesta p\u00e0gina. Les <em>cookies<\/em> solen emmagatzemar informaci\u00f3 de car\u00e0cter t\u00e8cnic, prefer\u00e8ncies personals, personalitzaci\u00f3 de continguts, estad\u00edstiques d\u00fas, enlla\u00e7os a xarxes socials, acc\u00e9s a comptes dusuari, etc. L&#8217;objectiu de la <em>cookie<\/em> \u00e9s adaptar el contingut de la web al seu perfil i necessitats, sense <em>cookies<\/em> els serveis oferts per qualsevol p\u00e0gina es veurien minvats notablement. Si voleu consultar m\u00e9s informaci\u00f3 sobre qu\u00e8 s\u00f3n les <em>cookies<\/em>, qu\u00e8 emmagatzemen, com eliminar-les, desactivar-les, etc., <a href=\"https:\/\/www.ciclaconsulting.com\/ca\/mes-informacio-sobre-les-cookies\/\">us preguem que us dirigiu a aquest enlla\u00e7.<\/a><\/p>\n<h2><\/h2>\n<h2>Cookies utilitzades en aquest lloc web<\/h2>\n<p>Seguint les directrius de l&#8217;Ag\u00e8ncia Espanyola de Protecci\u00f3 de Dades procedim a detallar l&#8217;\u00fas de <em>cookies<\/em> que fa aquesta web per tal d&#8217;informar-vos amb la m\u00e0xima exactitud possible.<\/p>\n<p>Aquest lloc web utilitza les <strong>cookies pr\u00f2pies<\/strong>:<\/p>\n<ul>\n<li>Cookies de sessi\u00f3, per garantir que els usuaris que escriguin comentaris al bloc siguin humans i no aplicacions automatitzades. D&#8217;aquesta manera es combat el correu brossa.<\/li>\n<\/ul>\n<p>Aquest lloc web utilitza les <strong>cookies de tercers<\/strong> seg\u00fcents:<\/p>\n<ul>\n<li>Google Analytics: Emmagatzema<em> cookies<\/em> per poder elaborar estad\u00edstiques sobre el tr\u00e0nsit i el volum de visites d&#8217;aquesta web. En utilitzar aquest lloc web est\u00e0 consentint el tractament dinformaci\u00f3 sobre vost\u00e8 per Google. Per tant, l&#8217;exercici de qualsevol dret en aquest sentit ho haur\u00e0 de fer comunicant directament amb Google.<\/li>\n<li>Xarxes socials: Cada xarxa social utilitza les seves pr\u00f2pies <em>cookies<\/em> perqu\u00e8 pugueu punxar en botons del tipus <em>M&#8217;agrada<\/em> o <em>Compartir<\/em>.<\/li>\n<\/ul>\n<h2><\/h2>\n<h2>Desactivaci\u00f3 o eliminaci\u00f3 de cookies<\/h2>\n<p>En qualsevol moment podreu exercir el vostre dret de desactivaci\u00f3 o eliminaci\u00f3 de cookies d&#8217;aquest lloc web. Aquestes accions es realitzen de manera diferent en funci\u00f3 del navegador que utilitzeu. <a href=\"https:\/\/www.ciclaconsulting.com\/ca\/mes-informacio-sobre-les-cookies\/#navegadores\">Aqu\u00ed us deixem una guia r\u00e0pida per als navegadors m\u00e9s populars.<\/a><\/p>\n<h2><\/h2>\n<h2>Notes addicionals<\/h2>\n<ul>\n<li>Ni aquesta web ni els seus representants legals es fan responsables ni del contingut ni de la veracitat de les pol\u00edtiques de privadesa que puguin tenir els tercers esmentats en aquesta pol\u00edtica de <em>cookies<\/em>.<\/li>\n<li>Els navegadors web s\u00f3n les eines encarregades d&#8217;emmagatzemar les <em>cookies<\/em> i des d&#8217;aquest lloc ha d&#8217;efectuar el dret a eliminar-lo o desactivar-lo. Ni aquesta web ni els seus representants legals poden garantir la correcta o incorrecta manipulaci\u00f3 de les cookies per part dels navegadors esmentats.<\/li>\n<li>En alguns casos \u00e9s necessari instal\u00b7lar<em> cookies<\/em> perqu\u00e8 el navegador no oblidi la seva decisi\u00f3 de no acceptar-les.<\/li>\n<li>En el cas de les galetes de Google Analytics, aquesta empresa emmagatzema les <em>cookies<\/em> en servidors ubicats als Estats Units i es compromet a no compartir-la amb tercers, excepte en els casos en qu\u00e8 sigui necessari per al funcionament del sistema o quan la llei obligui a aquest efecte. Segons Google no desa la vostra adre\u00e7a IP. Google Inc. \u00e9s una companyia adherida a l&#8217;Acord de Port Segur que garanteix que totes les dades transferides seran tractades amb un nivell de protecci\u00f3 d&#8217;acord amb la normativa europea. Podeu consultar informaci\u00f3 detallada en <a href=\"http:\/\/safeharbor.export.gov\/companyinfo.aspx?id=16626\" target=\"_blank\" rel=\"noopener\">aquest enlla\u00e7<\/a>. Si voleu informaci\u00f3 sobre l&#8217;\u00fas que Google d\u00f3na a les galetes us adjuntem <a href=\"https:\/\/developers.google.com\/analytics\/devguides\/collection\/analyticsjs\/cookie-usage?hl=es&amp;csw=1\" target=\"_blank\" rel=\"noopener\">aquest altre enlla\u00e7<\/a>.<\/li>\n<li>Per a qualsevol dubte o consulta sobre aquesta pol\u00edtica de <em>cookies<\/em> no dubteu a comunicar-vos amb nosaltres a trav\u00e9s de la secci\u00f3 de contacte.<\/li>\n<\/ul>\n<p>&nbsp;<\/p>\n<p>&nbsp;<\/p>\n","protected":false},"excerpt":{"rendered":"<p>Una cookie \u00e9s un petit fitxer de text que s&#8217;emmagatzema al vostre navegador quan visita gaireb\u00e9 qualsevol p\u00e0gina web. La seva utilitat \u00e9s que la web sigui capa\u00e7 de recordar la vostra visita quan torneu a navegar per aquesta p\u00e0gina. Les cookies solen emmagatzemar informaci\u00f3 de car\u00e0cter t\u00e8cnic, prefer\u00e8ncies personals, personalitzaci\u00f3 de continguts, estad\u00edstiques d\u00fas, [&hellip;]<\/p>\n","protected":false},"author":1,"featured_media":0,"parent":0,"menu_order":0,"comment_status":"closed","ping_status":"closed","template":"","meta":{"_et_pb_use_builder":"","_et_pb_old_content":"Una <em>cookie<\/em> \u00e9s un petit fitxer de text que s'emmagatzema al vostre navegador quan visita gaireb\u00e9 qualsevol p\u00e0gina web. La seva utilitat \u00e9s que la web sigui capa\u00e7 de recordar la vostra visita quan torneu a navegar per aquesta p\u00e0gina. Les <em>cookies<\/em> solen emmagatzemar informaci\u00f3 de car\u00e0cter t\u00e8cnic, prefer\u00e8ncies personals, personalitzaci\u00f3 de continguts, estad\u00edstiques d\u00fas, enlla\u00e7os a xarxes socials, acc\u00e9s a comptes dusuari, etc. L'objectiu de la <em>cookie<\/em> \u00e9s adaptar el contingut de la web al seu perfil i necessitats, sense <em>cookies<\/em> els serveis oferts per qualsevol p\u00e0gina es veurien minvats notablement. Si voleu consultar m\u00e9s informaci\u00f3 sobre qu\u00e8 s\u00f3n les <em>cookies<\/em>, qu\u00e8 emmagatzemen, com eliminar-les, desactivar-les, etc., <a href=\"https:\/\/www.ciclaconsulting.com\/ca\/mes-informacio-sobre-les-cookies\/\">us preguem que us dirigiu a aquest enlla\u00e7.<\/a>\r\n<h2>Cookies utilitzades en aquest lloc web<\/h2>\r\nSeguint les directrius de l'Ag\u00e8ncia Espanyola de Protecci\u00f3 de Dades procedim a detallar l'\u00fas de <em>cookies<\/em> que fa aquesta web per tal d'informar-vos amb la m\u00e0xima exactitud possible.\r\n\r\nAquest lloc web utilitza les <strong>cookies pr\u00f2pies<\/strong>:\r\n<ul>\r\n \t<li>Cookies de sessi\u00f3, per garantir que els usuaris que escriguin comentaris al bloc siguin humans i no aplicacions automatitzades. D'aquesta manera es combat el correu brossa.<\/li>\r\n<\/ul>\r\nAquest lloc web utilitza les <strong>cookies de tercers<\/strong> seg\u00fcents:\r\n<ul>\r\n \t<li>Google Analytics: Emmagatzema<em> cookies<\/em> per poder elaborar estad\u00edstiques sobre el tr\u00e0nsit i el volum de visites d'aquesta web. En utilitzar aquest lloc web est\u00e0 consentint el tractament dinformaci\u00f3 sobre vost\u00e8 per Google. Per tant, l'exercici de qualsevol dret en aquest sentit ho haur\u00e0 de fer comunicant directament amb Google.<\/li>\r\n \t<li>Xarxes socials: Cada xarxa social utilitza les seves pr\u00f2pies <em>cookies<\/em> perqu\u00e8 pugueu punxar en botons del tipus <em>M'agrada<\/em> o <em>Compartir<\/em>.<\/li>\r\n<\/ul>\r\n<h2>Desactivaci\u00f3 o eliminaci\u00f3 de cookies<\/h2>\r\nEn qualsevol moment podreu exercir el vostre dret de desactivaci\u00f3 o eliminaci\u00f3 de cookies d'aquest lloc web. Aquestes accions es realitzen de manera diferent en funci\u00f3 del navegador que utilitzeu. <a href=\"https:\/\/www.ciclaconsulting.com\/ca\/mes-informacio-sobre-les-cookies\/#navegadores\">Aqu\u00ed us deixem una guia r\u00e0pida per als navegadors m\u00e9s populars.<\/a>\r\n<h2>Notas addicionals<\/h2>\r\n<ul>\r\n \t<li>Ni aquesta web ni els seus representants legals es fan responsables ni del contingut ni de la veracitat de les pol\u00edtiques de privadesa que puguin tenir els tercers esmentats en aquesta pol\u00edtica de <em>cookies<\/em>.<\/li>\r\n \t<li>Els navegadors web s\u00f3n les eines encarregades d'emmagatzemar les <em>cookies<\/em> i des d'aquest lloc ha d'efectuar el dret a eliminar-lo o desactivar-lo. Ni aquesta web ni els seus representants legals poden garantir la correcta o incorrecta manipulaci\u00f3 de les cookies per part dels navegadors esmentats.<\/li>\r\n \t<li>En alguns casos \u00e9s necessari instal\u00b7lar<em> cookies<\/em> perqu\u00e8 el navegador no oblidi la seva decisi\u00f3 de no acceptar-les.<\/li>\r\n \t<li>En el cas de les galetes de Google Analytics, aquesta empresa emmagatzema les <em>cookies<\/em> en servidors ubicats als Estats Units i es compromet a no compartir-la amb tercers, excepte en els casos en qu\u00e8 sigui necessari per al funcionament del sistema o quan la llei obligui a aquest efecte. Segons Google no desa la vostra adre\u00e7a IP. Google Inc. \u00e9s una companyia adherida a l'Acord de Port Segur que garanteix que totes les dades transferides seran tractades amb un nivell de protecci\u00f3 d'acord amb la normativa europea. Podeu consultar informaci\u00f3 detallada en <a href=\"http:\/\/safeharbor.export.gov\/companyinfo.aspx?id=16626\" target=\"_blank\" rel=\"noopener\">aquest enlla\u00e7<\/a>. Si voleu informaci\u00f3 sobre l'\u00fas que Google d\u00f3na a les galetes us adjuntem <a href=\"https:\/\/developers.google.com\/analytics\/devguides\/collection\/analyticsjs\/cookie-usage?hl=es&csw=1\" target=\"_blank\" rel=\"noopener\">aquest altre enlla\u00e7<\/a>.<\/li>\r\n \t<li>Per a qualsevol dubte o consulta sobre aquesta pol\u00edtica de <em>cookies<\/em> no dubteu a comunicar-vos amb nosaltres a trav\u00e9s de la secci\u00f3 de contacte.<\/li>\r\n<\/ul>\r\n[\/et_pb_text][\/et_pb_column]\r\n[\/et_pb_row]\r\n[\/et_pb_section]","_et_gb_content_width":"","footnotes":""},"class_list":["post-3684","page","type-page","status-publish","hentry"],"yoast_head":"<!-- This site is optimized with the Yoast SEO plugin v20.4 - https:\/\/yoast.com\/wordpress\/plugins\/seo\/ -->\n<title>Pol\u00edtica de cookies - Cicla<\/title>\n<meta name=\"robots\" content=\"index, follow, max-snippet:-1, max-image-preview:large, max-video-preview:-1\" \/>\n<link rel=\"canonical\" href=\"https:\/\/www.ciclaconsulting.com\/ca\/politica-de-cookies\/\" \/>\n<meta property=\"og:locale\" content=\"ca_ES\" \/>\n<meta property=\"og:type\" content=\"article\" \/>\n<meta property=\"og:title\" content=\"Pol\u00edtica de cookies - Cicla\" \/>\n<meta property=\"og:description\" content=\"Una cookie \u00e9s un petit fitxer de text que s&#8217;emmagatzema al vostre navegador quan visita gaireb\u00e9 qualsevol p\u00e0gina web. La seva utilitat \u00e9s que la web sigui capa\u00e7 de recordar la vostra visita quan torneu a navegar per aquesta p\u00e0gina. Les cookies solen emmagatzemar informaci\u00f3 de car\u00e0cter t\u00e8cnic, prefer\u00e8ncies personals, personalitzaci\u00f3 de continguts, estad\u00edstiques d\u00fas, [&hellip;]\" \/>\n<meta property=\"og:url\" content=\"https:\/\/www.ciclaconsulting.com\/ca\/politica-de-cookies\/\" \/>\n<meta property=\"og:site_name\" content=\"Cicla\" \/>\n<meta property=\"article:modified_time\" content=\"2021-11-09T21:35:50+00:00\" \/>\n<meta name=\"twitter:label1\" content=\"Temps estimat de lectura\" \/>\n\t<meta name=\"twitter:data1\" content=\"3 minuts\" \/>\n<script type=\"application\/ld+json\" class=\"yoast-schema-graph\">{\"@context\":\"https:\/\/schema.org\",\"@graph\":[{\"@type\":\"WebPage\",\"@id\":\"https:\/\/www.ciclaconsulting.com\/ca\/politica-de-cookies\/\",\"url\":\"https:\/\/www.ciclaconsulting.com\/ca\/politica-de-cookies\/\",\"name\":\"Pol\u00edtica de cookies - Cicla\",\"isPartOf\":{\"@id\":\"https:\/\/www.ciclaconsulting.com\/#website\"},\"datePublished\":\"2021-11-09T21:14:21+00:00\",\"dateModified\":\"2021-11-09T21:35:50+00:00\",\"breadcrumb\":{\"@id\":\"https:\/\/www.ciclaconsulting.com\/ca\/politica-de-cookies\/#breadcrumb\"},\"inLanguage\":\"ca\",\"potentialAction\":[{\"@type\":\"ReadAction\",\"target\":[\"https:\/\/www.ciclaconsulting.com\/ca\/politica-de-cookies\/\"]}]},{\"@type\":\"BreadcrumbList\",\"@id\":\"https:\/\/www.ciclaconsulting.com\/ca\/politica-de-cookies\/#breadcrumb\",\"itemListElement\":[{\"@type\":\"ListItem\",\"position\":1,\"name\":\"Inici\",\"item\":\"https:\/\/www.ciclaconsulting.com\/ca\/\"},{\"@type\":\"ListItem\",\"position\":2,\"name\":\"Pol\u00edtica de cookies\"}]},{\"@type\":\"WebSite\",\"@id\":\"https:\/\/www.ciclaconsulting.com\/#website\",\"url\":\"https:\/\/www.ciclaconsulting.com\/\",\"name\":\"Cicla\",\"description\":\"Consulting services\",\"potentialAction\":[{\"@type\":\"SearchAction\",\"target\":{\"@type\":\"EntryPoint\",\"urlTemplate\":\"https:\/\/www.ciclaconsulting.com\/?s={search_term_string}\"},\"query-input\":\"required name=search_term_string\"}],\"inLanguage\":\"ca\"}]}<\/script>\n<!-- \/ Yoast SEO plugin. -->","yoast_head_json":{"title":"Pol\u00edtica de cookies - Cicla","robots":{"index":"index","follow":"follow","max-snippet":"max-snippet:-1","max-image-preview":"max-image-preview:large","max-video-preview":"max-video-preview:-1"},"canonical":"https:\/\/www.ciclaconsulting.com\/ca\/politica-de-cookies\/","og_locale":"ca_ES","og_type":"article","og_title":"Pol\u00edtica de cookies - Cicla","og_description":"Una cookie \u00e9s un petit fitxer de text que s&#8217;emmagatzema al vostre navegador quan visita gaireb\u00e9 qualsevol p\u00e0gina web. La seva utilitat \u00e9s que la web sigui capa\u00e7 de recordar la vostra visita quan torneu a navegar per aquesta p\u00e0gina. Les cookies solen emmagatzemar informaci\u00f3 de car\u00e0cter t\u00e8cnic, prefer\u00e8ncies personals, personalitzaci\u00f3 de continguts, estad\u00edstiques d\u00fas, [&hellip;]","og_url":"https:\/\/www.ciclaconsulting.com\/ca\/politica-de-cookies\/","og_site_name":"Cicla","article_modified_time":"2021-11-09T21:35:50+00:00","twitter_misc":{"Temps estimat de lectura":"3 minuts"},"schema":{"@context":"https:\/\/schema.org","@graph":[{"@type":"WebPage","@id":"https:\/\/www.ciclaconsulting.com\/ca\/politica-de-cookies\/","url":"https:\/\/www.ciclaconsulting.com\/ca\/politica-de-cookies\/","name":"Pol\u00edtica de cookies - Cicla","isPartOf":{"@id":"https:\/\/www.ciclaconsulting.com\/#website"},"datePublished":"2021-11-09T21:14:21+00:00","dateModified":"2021-11-09T21:35:50+00:00","breadcrumb":{"@id":"https:\/\/www.ciclaconsulting.com\/ca\/politica-de-cookies\/#breadcrumb"},"inLanguage":"ca","potentialAction":[{"@type":"ReadAction","target":["https:\/\/www.ciclaconsulting.com\/ca\/politica-de-cookies\/"]}]},{"@type":"BreadcrumbList","@id":"https:\/\/www.ciclaconsulting.com\/ca\/politica-de-cookies\/#breadcrumb","itemListElement":[{"@type":"ListItem","position":1,"name":"Inici","item":"https:\/\/www.ciclaconsulting.com\/ca\/"},{"@type":"ListItem","position":2,"name":"Pol\u00edtica de cookies"}]},{"@type":"WebSite","@id":"https:\/\/www.ciclaconsulting.com\/#website","url":"https:\/\/www.ciclaconsulting.com\/","name":"Cicla","description":"Consulting services","potentialAction":[{"@type":"SearchAction","target":{"@type":"EntryPoint","urlTemplate":"https:\/\/www.ciclaconsulting.com\/?s={search_term_string}"},"query-input":"required name=search_term_string"}],"inLanguage":"ca"}]}},"_links":{"self":[{"href":"https:\/\/www.ciclaconsulting.com\/ca\/wp-json\/wp\/v2\/pages\/3684","targetHints":{"allow":["GET"]}}],"collection":[{"href":"https:\/\/www.ciclaconsulting.com\/ca\/wp-json\/wp\/v2\/pages"}],"about":[{"href":"https:\/\/www.ciclaconsulting.com\/ca\/wp-json\/wp\/v2\/types\/page"}],"author":[{"embeddable":true,"href":"https:\/\/www.ciclaconsulting.com\/ca\/wp-json\/wp\/v2\/users\/1"}],"replies":[{"embeddable":true,"href":"https:\/\/www.ciclaconsulting.com\/ca\/wp-json\/wp\/v2\/comments?post=3684"}],"version-history":[{"count":6,"href":"https:\/\/www.ciclaconsulting.com\/ca\/wp-json\/wp\/v2\/pages\/3684\/revisions"}],"predecessor-version":[{"id":3692,"href":"https:\/\/www.ciclaconsulting.com\/ca\/wp-json\/wp\/v2\/pages\/3684\/revisions\/3692"}],"wp:attachment":[{"href":"https:\/\/www.ciclaconsulting.com\/ca\/wp-json\/wp\/v2\/media?parent=3684"}],"curies":[{"name":"wp","href":"https:\/\/api.w.org\/{rel}","templated":true}]}}